{"id":1379,"date":"2025-11-26T11:50:00","date_gmt":"2025-11-26T09:50:00","guid":{"rendered":"https:\/\/connectingmemories.at\/?page_id=1379"},"modified":"2025-11-26T16:27:43","modified_gmt":"2025-11-26T14:27:43","slug":"2-0-news-en","status":"publish","type":"page","link":"https:\/\/connectingmemories.at\/?page_id=1379&lang=en","title":{"rendered":"2.0 News EN"},"content":{"rendered":"\n<h2 class=\"wp-block-heading\">News<\/h2>\n\n\n<style>.kb-posts-id-1379_8a8993-4c .entry.loop-entry .entry-header .entry-title{font-size:var(--global-kb-font-size-lg, 2rem);}.kb-posts-id-1379_8a8993-4c .kb-post-list-item{display:grid;}<\/style><ul class=\"wp-block-kadence-posts kb-posts kadence-posts-list kb-posts-id-1379_8a8993-4c content-wrap grid-cols kb-posts-style-boxed grid-sm-col-2 grid-lg-col-3 item-image-style-above\"><li class=\"kb-post-list-item\">\n\t<article class=\"entry content-bg loop-entry post-1503 post type-post status-publish format-standard hentry category-uncategorized\">\n\t\t\t\t<div class=\"entry-content-wrap\">\n\t\t\t<header class=\"entry-header\">\n\t<h3 class=\"entry-title\"><a href=\"https:\/\/connectingmemories.at\/?p=1503\" rel=\"bookmark\">&#8222;Connecting Memories&#8220; kooperiert mit Topothek<\/a><\/h3>\t<div class=\"entry-meta entry-meta-divider-dot\">\n\t\t\t\t<span class=\"posted-on\">\n\t\t\t\t<time class=\"entry-date published\" datetime=\"2026-03-30T14:19:35+02:00\">2026-03-30<\/time><time class=\"updated\" datetime=\"2026-03-30T15:07:34+02:00\">2026-03-30<\/time>\t\t\t<\/span>\n\t\t\t\t<\/div><!-- .entry-meta -->\n\t<\/header><!-- .entry-header -->\n\t<div class=\"entry-summary\">\n\t\t<p>Bei einem Treffen mit Alexander Schatek, Initiator des Online-Archivs Topothek, und Koordinator Markus F\u00fcrst vereinbarten Eva Mayr und Edith Blaschitz, Co-Leiterinnen des Forschungsprojekts \u201eConnecting Memories\u201c, eine Kooperation. Die kollaborative Plattform Topothek, gegr\u00fcndet 2010, ist ein unverzichtbarer Akteur bei der Sicherung lokalen Kulturerbes. Das Team von \u201eConnecting Memories\u201c freut sich, dass die Suche nach Spuren der [&hellip;]<\/p>\n\t<\/div><!-- .entry-summary -->\n\t<footer class=\"entry-footer\">\n\t\t\t<div class=\"entry-actions\">\n\t\t\t<p class=\"more-link-wrap\">\n\t\t\t\t<a href=\"https:\/\/connectingmemories.at\/?p=1503\" class=\"post-more-link\">\n\t\t\t\t\tRead More<span class=\"screen-reader-text\"> &#8222;Connecting Memories&#8220; kooperiert mit Topothek<\/span><span class=\"kadence-svg-iconset svg-baseline\"><svg aria-hidden=\"true\" class=\"kadence-svg-icon kadence-arrow-right-alt-svg\" fill=\"currentColor\" version=\"1.1\" xmlns=\"http:\/\/www.w3.org\/2000\/svg\" width=\"27\" height=\"28\" viewBox=\"0 0 27 28\"><title>Continue<\/title><path d=\"M27 13.953c0 0.141-0.063 0.281-0.156 0.375l-6 5.531c-0.156 0.141-0.359 0.172-0.547 0.094-0.172-0.078-0.297-0.25-0.297-0.453v-3.5h-19.5c-0.281 0-0.5-0.219-0.5-0.5v-3c0-0.281 0.219-0.5 0.5-0.5h19.5v-3.5c0-0.203 0.109-0.375 0.297-0.453s0.391-0.047 0.547 0.078l6 5.469c0.094 0.094 0.156 0.219 0.156 0.359v0z\"><\/path>\n\t\t\t<\/svg><\/span>\t\t\t\t<\/a>\n\t\t\t<\/p>\n\t\t<\/div><!-- .entry-actions -->\n\t\t<\/footer><!-- .entry-footer -->\t\t<\/div>\n\t<\/article>\n<\/li>\n<li class=\"kb-post-list-item\">\n\t<article class=\"entry content-bg loop-entry post-1494 post type-post status-publish format-standard hentry category-uncategorized-en\">\n\t\t\t\t<div class=\"entry-content-wrap\">\n\t\t\t<header class=\"entry-header\">\n\t<h3 class=\"entry-title\"><a href=\"https:\/\/connectingmemories.at\/?p=1494&#038;lang=en\" rel=\"bookmark\">Dialogue with interested citizens at the Lower Austrian Museum Day<\/a><\/h3>\t<div class=\"entry-meta entry-meta-divider-dot\">\n\t\t\t\t<span class=\"posted-on\">\n\t\t\t\t<time class=\"entry-date published\" datetime=\"2026-03-20T17:06:12+02:00\">2026-03-20<\/time><time class=\"updated\" datetime=\"2026-03-23T10:18:02+02:00\">2026-03-23<\/time>\t\t\t<\/span>\n\t\t\t\t<\/div><!-- .entry-meta -->\n\t<\/header><!-- .entry-header -->\n\t<div class=\"entry-summary\">\n\t\t<p>Merle Bieber and Karin B\u00f6hm presented the Connecting Memories project on March 15, 2026, at the Lower Austria Museum Day at Katzelsdorf Castle.&nbsp; Following the morning presentations, the \u201cFirst Forum on Citizen Research in Lower Austria\u201d took place in cooperation with the research network first. At one of the five thematic tables, Merle Bieber and [&hellip;]<\/p>\n\t<\/div><!-- .entry-summary -->\n\t<footer class=\"entry-footer\">\n\t\t\t<div class=\"entry-actions\">\n\t\t\t<p class=\"more-link-wrap\">\n\t\t\t\t<a href=\"https:\/\/connectingmemories.at\/?p=1494&#038;lang=en\" class=\"post-more-link\">\n\t\t\t\t\tRead More<span class=\"screen-reader-text\"> Dialogue with interested citizens at the Lower Austrian Museum Day<\/span><span class=\"kadence-svg-iconset svg-baseline\"><svg aria-hidden=\"true\" class=\"kadence-svg-icon kadence-arrow-right-alt-svg\" fill=\"currentColor\" version=\"1.1\" xmlns=\"http:\/\/www.w3.org\/2000\/svg\" width=\"27\" height=\"28\" viewBox=\"0 0 27 28\"><title>Continue<\/title><path d=\"M27 13.953c0 0.141-0.063 0.281-0.156 0.375l-6 5.531c-0.156 0.141-0.359 0.172-0.547 0.094-0.172-0.078-0.297-0.25-0.297-0.453v-3.5h-19.5c-0.281 0-0.5-0.219-0.5-0.5v-3c0-0.281 0.219-0.5 0.5-0.5h19.5v-3.5c0-0.203 0.109-0.375 0.297-0.453s0.391-0.047 0.547 0.078l6 5.469c0.094 0.094 0.156 0.219 0.156 0.359v0z\"><\/path>\n\t\t\t<\/svg><\/span>\t\t\t\t<\/a>\n\t\t\t<\/p>\n\t\t<\/div><!-- .entry-actions -->\n\t\t<\/footer><!-- .entry-footer -->\t\t<\/div>\n\t<\/article>\n<\/li>\n<li class=\"kb-post-list-item\">\n\t<article class=\"entry content-bg loop-entry post-1487 post type-post status-publish format-standard hentry category-uncategorized\">\n\t\t\t\t<div class=\"entry-content-wrap\">\n\t\t\t<header class=\"entry-header\">\n\t<h3 class=\"entry-title\"><a href=\"https:\/\/connectingmemories.at\/?p=1487\" rel=\"bookmark\">Im Gespr\u00e4ch mit interessierten B\u00fcrger:innen beim N\u00d6 Museumstag<\/a><\/h3>\t<div class=\"entry-meta entry-meta-divider-dot\">\n\t\t\t\t<span class=\"posted-on\">\n\t\t\t\t<time class=\"entry-date published\" datetime=\"2026-03-20T17:02:20+02:00\">2026-03-20<\/time><time class=\"updated\" datetime=\"2026-03-31T14:08:25+02:00\">2026-03-31<\/time>\t\t\t<\/span>\n\t\t\t\t<\/div><!-- .entry-meta -->\n\t<\/header><!-- .entry-header -->\n\t<div class=\"entry-summary\">\n\t\t<p>Karin B\u00f6hm und Merle Bieber stellten das Projekt Connecting Memories am 15. M\u00e4rz 2026 beim N\u00d6 Museumstag im Schloss Katzelsdorf vor.\u00a0 Nach Vortr\u00e4gen am Vormittag fand anschlie\u00dfend das &#8222;Erste Forum B\u00fcrger:innenforschung Nieder\u00f6sterreich&#8220; in Kooperation mit dem Forschungsverbund first statt. An einem der f\u00fcnf Thementische informierten Karin B\u00f6hm und Merle Bieber \u00fcber das Projekt. Die engagierte [&hellip;]<\/p>\n\t<\/div><!-- .entry-summary -->\n\t<footer class=\"entry-footer\">\n\t\t\t<div class=\"entry-actions\">\n\t\t\t<p class=\"more-link-wrap\">\n\t\t\t\t<a href=\"https:\/\/connectingmemories.at\/?p=1487\" class=\"post-more-link\">\n\t\t\t\t\tRead More<span class=\"screen-reader-text\"> Im Gespr\u00e4ch mit interessierten B\u00fcrger:innen beim N\u00d6 Museumstag<\/span><span class=\"kadence-svg-iconset svg-baseline\"><svg aria-hidden=\"true\" class=\"kadence-svg-icon kadence-arrow-right-alt-svg\" fill=\"currentColor\" version=\"1.1\" xmlns=\"http:\/\/www.w3.org\/2000\/svg\" width=\"27\" height=\"28\" viewBox=\"0 0 27 28\"><title>Continue<\/title><path d=\"M27 13.953c0 0.141-0.063 0.281-0.156 0.375l-6 5.531c-0.156 0.141-0.359 0.172-0.547 0.094-0.172-0.078-0.297-0.25-0.297-0.453v-3.5h-19.5c-0.281 0-0.5-0.219-0.5-0.5v-3c0-0.281 0.219-0.5 0.5-0.5h19.5v-3.5c0-0.203 0.109-0.375 0.297-0.453s0.391-0.047 0.547 0.078l6 5.469c0.094 0.094 0.156 0.219 0.156 0.359v0z\"><\/path>\n\t\t\t<\/svg><\/span>\t\t\t\t<\/a>\n\t\t\t<\/p>\n\t\t<\/div><!-- .entry-actions -->\n\t\t<\/footer><!-- .entry-footer -->\t\t<\/div>\n\t<\/article>\n<\/li>\n<li class=\"kb-post-list-item\">\n\t<article class=\"entry content-bg loop-entry post-1480 post type-post status-publish format-standard hentry category-uncategorized\">\n\t\t\t\t<div class=\"entry-content-wrap\">\n\t\t\t<header class=\"entry-header\">\n\t<h3 class=\"entry-title\"><a href=\"https:\/\/connectingmemories.at\/?p=1480\" rel=\"bookmark\">Projektpr\u00e4sentation am 9.3.2026<\/a><\/h3>\t<div class=\"entry-meta entry-meta-divider-dot\">\n\t\t\t\t<span class=\"posted-on\">\n\t\t\t\t<time class=\"entry-date published\" datetime=\"2026-03-05T09:44:37+02:00\">2026-03-05<\/time><time class=\"updated\" datetime=\"2026-03-05T09:44:38+02:00\">2026-03-05<\/time>\t\t\t<\/span>\n\t\t\t\t<\/div><!-- .entry-meta -->\n\t<\/header><!-- .entry-header -->\n\t<div class=\"entry-summary\">\n\t\t<p>Am Montag, 9.3.2026 werden Edith Blaschitz und Eva Mayr um 18:00 Uhr das Projekt ConnectingMemories in einem Onlinevortrag im Zuge der Werkstattberichte der Stiftung Nieders\u00e4chsische Gedenkst\u00e4tten pr\u00e4sentieren. Details finden Sie auf der Website der Veranstalter. Eine Anmeldung per eMail ist erforderlich.<\/p>\n\t<\/div><!-- .entry-summary -->\n\t<footer class=\"entry-footer\">\n\t\t\t<div class=\"entry-actions\">\n\t\t\t<p class=\"more-link-wrap\">\n\t\t\t\t<a href=\"https:\/\/connectingmemories.at\/?p=1480\" class=\"post-more-link\">\n\t\t\t\t\tRead More<span class=\"screen-reader-text\"> Projektpr\u00e4sentation am 9.3.2026<\/span><span class=\"kadence-svg-iconset svg-baseline\"><svg aria-hidden=\"true\" class=\"kadence-svg-icon kadence-arrow-right-alt-svg\" fill=\"currentColor\" version=\"1.1\" xmlns=\"http:\/\/www.w3.org\/2000\/svg\" width=\"27\" height=\"28\" viewBox=\"0 0 27 28\"><title>Continue<\/title><path d=\"M27 13.953c0 0.141-0.063 0.281-0.156 0.375l-6 5.531c-0.156 0.141-0.359 0.172-0.547 0.094-0.172-0.078-0.297-0.25-0.297-0.453v-3.5h-19.5c-0.281 0-0.5-0.219-0.5-0.5v-3c0-0.281 0.219-0.5 0.5-0.5h19.5v-3.5c0-0.203 0.109-0.375 0.297-0.453s0.391-0.047 0.547 0.078l6 5.469c0.094 0.094 0.156 0.219 0.156 0.359v0z\"><\/path>\n\t\t\t<\/svg><\/span>\t\t\t\t<\/a>\n\t\t\t<\/p>\n\t\t<\/div><!-- .entry-actions -->\n\t\t<\/footer><!-- .entry-footer -->\t\t<\/div>\n\t<\/article>\n<\/li>\n<li class=\"kb-post-list-item\">\n\t<article class=\"entry content-bg loop-entry post-1473 post type-post status-publish format-standard hentry category-uncategorized\">\n\t\t\t\t<div class=\"entry-content-wrap\">\n\t\t\t<header class=\"entry-header\">\n\t<h3 class=\"entry-title\"><a href=\"https:\/\/connectingmemories.at\/?p=1473\" rel=\"bookmark\">Buchpr\u00e4sentation am 9. M\u00e4rz: Neue Dokumentation \u00fcber die Lager im Bezirk Lilienfeld<\/a><\/h3>\t<div class=\"entry-meta entry-meta-divider-dot\">\n\t\t\t\t<span class=\"posted-on\">\n\t\t\t\t<time class=\"entry-date published\" datetime=\"2026-03-04T13:52:18+02:00\">2026-03-04<\/time><time class=\"updated\" datetime=\"2026-03-04T13:52:19+02:00\">2026-03-04<\/time>\t\t\t<\/span>\n\t\t\t\t<\/div><!-- .entry-meta -->\n\t<\/header><!-- .entry-header -->\n\t<div class=\"entry-summary\">\n\t\t<p>Am\u00a009.03.2026\u00a0findet die Pr\u00e4sentation des Buches \u201eMit Zeitzeugen auf Spurensuche \u2013 Nach verschiedenen Lagern im Bezirk Lilienfeld im 2. Weltkrieg\u201c statt. Die Autoren Johann Schweiger, Alfred Streicher und Michael Pirker legen damit rund 80 Jahre nach Kriegsende erstmals eine etwa 180-seitige Dokumentation zu NS-Lagern in allen 14 Ortschaften des Bezirkes vor. W\u00e4hrend in der professionellen Forschung [&hellip;]<\/p>\n\t<\/div><!-- .entry-summary -->\n\t<footer class=\"entry-footer\">\n\t\t\t<div class=\"entry-actions\">\n\t\t\t<p class=\"more-link-wrap\">\n\t\t\t\t<a href=\"https:\/\/connectingmemories.at\/?p=1473\" class=\"post-more-link\">\n\t\t\t\t\tRead More<span class=\"screen-reader-text\"> Buchpr\u00e4sentation am 9. M\u00e4rz: Neue Dokumentation \u00fcber die Lager im Bezirk Lilienfeld<\/span><span class=\"kadence-svg-iconset svg-baseline\"><svg aria-hidden=\"true\" class=\"kadence-svg-icon kadence-arrow-right-alt-svg\" fill=\"currentColor\" version=\"1.1\" xmlns=\"http:\/\/www.w3.org\/2000\/svg\" width=\"27\" height=\"28\" viewBox=\"0 0 27 28\"><title>Continue<\/title><path d=\"M27 13.953c0 0.141-0.063 0.281-0.156 0.375l-6 5.531c-0.156 0.141-0.359 0.172-0.547 0.094-0.172-0.078-0.297-0.25-0.297-0.453v-3.5h-19.5c-0.281 0-0.5-0.219-0.5-0.5v-3c0-0.281 0.219-0.5 0.5-0.5h19.5v-3.5c0-0.203 0.109-0.375 0.297-0.453s0.391-0.047 0.547 0.078l6 5.469c0.094 0.094 0.156 0.219 0.156 0.359v0z\"><\/path>\n\t\t\t<\/svg><\/span>\t\t\t\t<\/a>\n\t\t\t<\/p>\n\t\t<\/div><!-- .entry-actions -->\n\t\t<\/footer><!-- .entry-footer -->\t\t<\/div>\n\t<\/article>\n<\/li>\n<li class=\"kb-post-list-item\">\n\t<article class=\"entry content-bg loop-entry post-1463 post type-post status-publish format-standard hentry category-uncategorized-en\">\n\t\t\t\t<div class=\"entry-content-wrap\">\n\t\t\t<header class=\"entry-header\">\n\t<h3 class=\"entry-title\"><a href=\"https:\/\/connectingmemories.at\/?p=1463&#038;lang=en\" rel=\"bookmark\">Book presentation: \u201cMaking Traces Legible\u201d-on the Nazi forced-labour camp at the Roggendorf granite works<\/a><\/h3>\t<div class=\"entry-meta entry-meta-divider-dot\">\n\t\t\t\t<span class=\"posted-on\">\n\t\t\t\t<time class=\"entry-date published\" datetime=\"2026-03-02T16:23:34+02:00\">2026-03-02<\/time><time class=\"updated\" datetime=\"2026-03-04T09:42:51+02:00\">2026-03-04<\/time>\t\t\t<\/span>\n\t\t\t\t<\/div><!-- .entry-meta -->\n\t<\/header><!-- .entry-header -->\n\t<div class=\"entry-summary\">\n\t\t<p>On February 17, 2026, the book \u201eSpuren lesbar machen\u201c. Das NS-Zwangslager im Granitwerk Roggendorf. Neue Formen der Geschichtsaufarbeitung [Making Traces Legible: The Nazi Forced-Labour Camp at the Roggendorf Granite Works and Quarry: New Forms of Coming to Terms with the Past] (StudienVerlag, 2026; translation mine) was presented at the Vienna Wiesenthal Institute for Holocaust Studies. [&hellip;]<\/p>\n\t<\/div><!-- .entry-summary -->\n\t<footer class=\"entry-footer\">\n\t\t\t<div class=\"entry-actions\">\n\t\t\t<p class=\"more-link-wrap\">\n\t\t\t\t<a href=\"https:\/\/connectingmemories.at\/?p=1463&#038;lang=en\" class=\"post-more-link\">\n\t\t\t\t\tRead More<span class=\"screen-reader-text\"> Book presentation: \u201cMaking Traces Legible\u201d-on the Nazi forced-labour camp at the Roggendorf granite works<\/span><span class=\"kadence-svg-iconset svg-baseline\"><svg aria-hidden=\"true\" class=\"kadence-svg-icon kadence-arrow-right-alt-svg\" fill=\"currentColor\" version=\"1.1\" xmlns=\"http:\/\/www.w3.org\/2000\/svg\" width=\"27\" height=\"28\" viewBox=\"0 0 27 28\"><title>Continue<\/title><path d=\"M27 13.953c0 0.141-0.063 0.281-0.156 0.375l-6 5.531c-0.156 0.141-0.359 0.172-0.547 0.094-0.172-0.078-0.297-0.25-0.297-0.453v-3.5h-19.5c-0.281 0-0.5-0.219-0.5-0.5v-3c0-0.281 0.219-0.5 0.5-0.5h19.5v-3.5c0-0.203 0.109-0.375 0.297-0.453s0.391-0.047 0.547 0.078l6 5.469c0.094 0.094 0.156 0.219 0.156 0.359v0z\"><\/path>\n\t\t\t<\/svg><\/span>\t\t\t\t<\/a>\n\t\t\t<\/p>\n\t\t<\/div><!-- .entry-actions -->\n\t\t<\/footer><!-- .entry-footer -->\t\t<\/div>\n\t<\/article>\n<\/li>\n<\/ul>","protected":false},"excerpt":{"rendered":"<p>News<\/p>\n","protected":false},"author":4,"featured_media":0,"parent":0,"menu_order":0,"comment_status":"closed","ping_status":"closed","template":"","meta":{"footnotes":""},"class_list":["post-1379","page","type-page","status-publish","hentry"],"blocksy_meta":[],"_links":{"self":[{"href":"https:\/\/connectingmemories.at\/index.php?rest_route=\/wp\/v2\/pages\/1379","targetHints":{"allow":["GET"]}}],"collection":[{"href":"https:\/\/connectingmemories.at\/index.php?rest_route=\/wp\/v2\/pages"}],"about":[{"href":"https:\/\/connectingmemories.at\/index.php?rest_route=\/wp\/v2\/types\/page"}],"author":[{"embeddable":true,"href":"https:\/\/connectingmemories.at\/index.php?rest_route=\/wp\/v2\/users\/4"}],"replies":[{"embeddable":true,"href":"https:\/\/connectingmemories.at\/index.php?rest_route=%2Fwp%2Fv2%2Fcomments&post=1379"}],"version-history":[{"count":2,"href":"https:\/\/connectingmemories.at\/index.php?rest_route=\/wp\/v2\/pages\/1379\/revisions"}],"predecessor-version":[{"id":1405,"href":"https:\/\/connectingmemories.at\/index.php?rest_route=\/wp\/v2\/pages\/1379\/revisions\/1405"}],"wp:attachment":[{"href":"https:\/\/connectingmemories.at\/index.php?rest_route=%2Fwp%2Fv2%2Fmedia&parent=1379"}],"curies":[{"name":"wp","href":"https:\/\/api.w.org\/{rel}","templated":true}]}}