{"id":258,"date":"2025-09-19T15:02:07","date_gmt":"2025-09-19T13:02:07","guid":{"rendered":"https:\/\/connectingmemories.at\/?page_id=258"},"modified":"2025-11-23T15:07:16","modified_gmt":"2025-11-23T13:07:16","slug":"starthu","status":"publish","type":"page","link":"https:\/\/connectingmemories.at\/?lang=hu","title":{"rendered":"1.2 Start HU"},"content":{"rendered":"\n<div class=\"wp-block-cover is-light has-custom-content-position is-position-bottom-right has-text-color has-link-color wp-elements-f65cc5e350ba20f08b3bc9e2008fae4c\" style=\"color:#d58585;min-height:467px;aspect-ratio:unset;\"><img loading=\"lazy\" decoding=\"async\" width=\"2560\" height=\"1200\" class=\"wp-block-cover__image-background wp-image-86 size-full\" alt=\"\" src=\"https:\/\/connectingmemories.at\/wp-content\/uploads\/2025\/08\/headerbild_2560x1200_0P9A4227_V2_KB.jpg\" style=\"object-position:78% 81%\" data-object-fit=\"cover\" data-object-position=\"78% 81%\" srcset=\"https:\/\/connectingmemories.at\/wp-content\/uploads\/2025\/08\/headerbild_2560x1200_0P9A4227_V2_KB.jpg 2560w, https:\/\/connectingmemories.at\/wp-content\/uploads\/2025\/08\/headerbild_2560x1200_0P9A4227_V2_KB-300x141.jpg 300w, https:\/\/connectingmemories.at\/wp-content\/uploads\/2025\/08\/headerbild_2560x1200_0P9A4227_V2_KB-1024x480.jpg 1024w, https:\/\/connectingmemories.at\/wp-content\/uploads\/2025\/08\/headerbild_2560x1200_0P9A4227_V2_KB-768x360.jpg 768w, https:\/\/connectingmemories.at\/wp-content\/uploads\/2025\/08\/headerbild_2560x1200_0P9A4227_V2_KB-1536x720.jpg 1536w, https:\/\/connectingmemories.at\/wp-content\/uploads\/2025\/08\/headerbild_2560x1200_0P9A4227_V2_KB-2048x960.jpg 2048w\" sizes=\"auto, (max-width: 2560px) 100vw, 2560px\" \/><span aria-hidden=\"true\" class=\"wp-block-cover__background has-background-dim-0 has-background-dim\" style=\"background-color:#aa9d94\"><\/span><div class=\"wp-block-cover__inner-container is-layout-constrained wp-block-cover-is-layout-constrained\">\n<p class=\"has-palette-color-8-color has-text-color has-link-color has-small-font-size wp-elements-bab3fa03bdc6411bbc086edaefe7afa5\">\u00a9 Karin B\u00f6hm<\/p>\n<\/div><\/div>\n\n\n\n<h2 class=\"wp-block-heading\"><strong>\u0150rizz\u00fck egy\u00fctt az eml\u00e9keket \u2013 kutassuk a t\u00f6rt\u00e9nelmet<\/strong><\/h2>\n\n\n\n<p style=\"font-size:clamp(14px, 0.875rem + ((1vw - 3.2px) * 0.313), 18px);\"><strong>Als\u00f3-Ausztri\u00e1ban<\/strong>, csak\u00fagy, mint a N\u00e9met Birodalom \u00e9s a megsz\u00e1llt ter\u00fcletek m\u00e1s r\u00e9szein, emberek ezreit k\u00e9nyszer\u00edtett\u00e9k <strong>k\u00e9nyszermunk\u00e1ra<\/strong>\u00a0a <strong>m\u00e1sodik vil\u00e1gh\u00e1bor\u00fa<\/strong>\u00a0idej\u00e9n \u2013 hadifoglyokat, magyar zsid\u00f3 munk\u00e1sokat \u00e9s sok m\u00e1s civil szem\u00e9lyt. Ennek a t\u00f6rt\u00e9netnek m\u00e9g mindig sok a felt\u00e1ratlan \u00e9s hi\u00e1nyosan dokument\u00e1lt r\u00e9sze. Ugyanakkor sz\u00e1mos nyom fennmaradt mag\u00e1ngy\u0171jtem\u00e9nyekben: levelek, f\u00e9nyk\u00e9pek \u00e9s csal\u00e1di eml\u00e9kek, amelyeket gener\u00e1ci\u00f3r\u00f3l gener\u00e1ci\u00f3ra adtak tov\u00e1bb \u2013 Als\u00f3-Ausztri\u00e1ban \u00e9s szerte a vil\u00e1gon, a volt k\u00e9nyszermunk\u00e1sok lesz\u00e1rmazottai, munkaad\u00f3k \u00e9s szomsz\u00e9dok k\u00f6r\u00e9ben. Platformunk ezeket a felbecs\u00fclhetetlen \u00e9rt\u00e9k\u0171 forr\u00e1sokat gy\u0171jti \u00e9s \u0151rzi meg, \u00e9s mindenkit arra h\u00edv, hogy vegyen r\u00e9szt az eml\u00e9kezet \u00e9letben tart\u00e1s\u00e1ban.<\/p>\n\n\n\n<p style=\"font-size:clamp(14px, 0.875rem + ((1vw - 3.2px) * 0.313), 18px);\">A platform kialak\u00edt\u00e1s\u00e1t k\u00e9t f\u0151 t\u00e9m\u00e1val kezdj\u00fck: a <strong>magyar zsid\u00f3 k\u00e9nyszermunk\u00e1sokkal <\/strong>\u00e9s a <strong>Stalag XVII B Krems-Gneixendorf <\/strong>hadifogolyt\u00e1borral Als\u00f3-Ausztri\u00e1ban.<br>Van err\u0151l eml\u00e9ke, dokumentuma vagy f\u00e9nyk\u00e9pe? Vagy \u00e9rdekli, hogy r\u00e9szt vegyen ebben a projektben?<\/p>\n\n\n\n<h3 class=\"wp-block-heading anchor-target\" id=\"wir-suchen\">Keres\u00fcnk:<\/h3>\n\n\n\n<p style=\"font-size:clamp(14px, 0.875rem + ((1vw - 3.2px) * 0.313), 18px);\">\ud83d\udccc \u00c9rdekl\u0151d\u0151ket, akik t\u00e1mogatnak minket a platform fel\u00e9p\u00edt\u00e9s\u00e9ben \u00e9s a kutat\u00e1sban<br>\ud83d\udccc Digitaliz\u00e1lt f\u00e9nyk\u00e9peket \u00e9s dokumentumokat az als\u00f3-ausztriai k\u00e9nyszermunka t\u00f6rt\u00e9net\u00e9r\u0151l<br>\ud83d\udccc Szemtan\u00fak besz\u00e1mol\u00f3it \u00e9s csal\u00e1di eml\u00e9keket<br>\ud83d\udccc Olyan embereket, akik a k\u00fcl\u00f6nb\u00f6z\u0151 helysz\u00edneken szeretn\u00e9k kutatni a k\u00e9nyszermunka t\u00f6rt\u00e9net\u00e9t vagy egy\u00e9ni sorsokat<br>\ud83d\udccc Olyan embereket, akik kapcsolatba szeretn\u00e9nek l\u00e9pni \u2013 helyiekkel vagy egykori k\u00e9nyszermunk\u00e1sok lesz\u00e1rmazottaival<\/p>\n\n\n\n<p style=\"font-size:clamp(14px, 0.875rem + ((1vw - 3.2px) * 0.313), 18px);\">\ud83d\udc49 <a href=\"https:\/\/connectingmemories.at\/?page_id=761&amp;lang=hu\" data-type=\"link\" data-id=\"https:\/\/connectingmemories.at\/?lang=hu\">Ossza meg anyagait \u00e9s eml\u00e9keit!<\/a><br>\ud83d\udc49 Kutasson vel\u00fcnk \u00e9s l\u00e9pjen kapcsolatba m\u00e1sokkal!<\/p>\n\n\n\n<h3 class=\"wp-block-heading\">Szeretne r\u00e9szt venni vagy feliratkozni h\u00edrlevel\u00fcnkre?<\/h3>\n\n\n\n<p style=\"font-size:clamp(14px, 0.875rem + ((1vw - 3.2px) * 0.313), 18px);\"><strong>Vegye fel vel\u00fcnk a kapcsolatot:<\/strong><br>Carl Philipp Hoffmann: <a href=\"mailto:connectingmemories@donau-uni.ac.at\">connectingmemories@donau-uni.ac.at<\/a> , Tel.: +43 2732 893-2545<br>Kremsi Tov\u00e1bbk\u00e9pz\u00e9si Egyetem, M\u0171v\u00e9szet- \u00e9s Kult\u00faratudom\u00e1nyi Tansz\u00e9k, Dr.-Karl-Dorrek-Stra\u00dfe 30, 3500 Krems.<br><\/p>\n","protected":false},"excerpt":{"rendered":"<p>\u0150rizz\u00fck egy\u00fctt az eml\u00e9keket \u2013 kutassuk a t\u00f6rt\u00e9nelmet Als\u00f3-Ausztri\u00e1ban, csak\u00fagy, mint a N\u00e9met Birodalom \u00e9s a megsz\u00e1llt ter\u00fcletek m\u00e1s r\u00e9szein, emberek ezreit k\u00e9nyszer\u00edtett\u00e9k k\u00e9nyszermunk\u00e1ra\u00a0a m\u00e1sodik vil\u00e1gh\u00e1bor\u00fa\u00a0idej\u00e9n \u2013 hadifoglyokat, magyar zsid\u00f3 munk\u00e1sokat \u00e9s sok m\u00e1s civil szem\u00e9lyt. Ennek a t\u00f6rt\u00e9netnek m\u00e9g mindig sok a felt\u00e1ratlan \u00e9s hi\u00e1nyosan dokument\u00e1lt r\u00e9sze. Ugyanakkor sz\u00e1mos nyom fennmaradt mag\u00e1ngy\u0171jtem\u00e9nyekben: levelek, f\u00e9nyk\u00e9pek [&hellip;]<\/p>\n","protected":false},"author":2,"featured_media":0,"parent":0,"menu_order":0,"comment_status":"closed","ping_status":"closed","template":"","meta":{"footnotes":""},"class_list":["post-258","page","type-page","status-publish","hentry"],"blocksy_meta":[],"_links":{"self":[{"href":"https:\/\/connectingmemories.at\/index.php?rest_route=\/wp\/v2\/pages\/258","targetHints":{"allow":["GET"]}}],"collection":[{"href":"https:\/\/connectingmemories.at\/index.php?rest_route=\/wp\/v2\/pages"}],"about":[{"href":"https:\/\/connectingmemories.at\/index.php?rest_route=\/wp\/v2\/types\/page"}],"author":[{"embeddable":true,"href":"https:\/\/connectingmemories.at\/index.php?rest_route=\/wp\/v2\/users\/2"}],"replies":[{"embeddable":true,"href":"https:\/\/connectingmemories.at\/index.php?rest_route=%2Fwp%2Fv2%2Fcomments&post=258"}],"version-history":[{"count":21,"href":"https:\/\/connectingmemories.at\/index.php?rest_route=\/wp\/v2\/pages\/258\/revisions"}],"predecessor-version":[{"id":1320,"href":"https:\/\/connectingmemories.at\/index.php?rest_route=\/wp\/v2\/pages\/258\/revisions\/1320"}],"wp:attachment":[{"href":"https:\/\/connectingmemories.at\/index.php?rest_route=%2Fwp%2Fv2%2Fmedia&parent=258"}],"curies":[{"name":"wp","href":"https:\/\/api.w.org\/{rel}","templated":true}]}}