{"id":26,"date":"2025-08-18T15:11:05","date_gmt":"2025-08-18T13:11:05","guid":{"rendered":"https:\/\/connectingmemories.at\/?page_id=26"},"modified":"2025-11-23T15:10:57","modified_gmt":"2025-11-23T13:10:57","slug":"startseite","status":"publish","type":"page","link":"https:\/\/connectingmemories.at\/","title":{"rendered":"1.0 Start DE"},"content":{"rendered":"\n<div class=\"wp-block-cover is-light has-custom-content-position is-position-bottom-right has-text-color has-link-color wp-elements-f65cc5e350ba20f08b3bc9e2008fae4c\" style=\"color:#d58585;min-height:467px;aspect-ratio:unset;\"><img loading=\"lazy\" decoding=\"async\" width=\"2560\" height=\"1200\" class=\"wp-block-cover__image-background wp-image-86 size-full\" alt=\"\" src=\"https:\/\/connectingmemories.at\/wp-content\/uploads\/2025\/08\/headerbild_2560x1200_0P9A4227_V2_KB.jpg\" style=\"object-position:78% 81%\" data-object-fit=\"cover\" data-object-position=\"78% 81%\" srcset=\"https:\/\/connectingmemories.at\/wp-content\/uploads\/2025\/08\/headerbild_2560x1200_0P9A4227_V2_KB.jpg 2560w, https:\/\/connectingmemories.at\/wp-content\/uploads\/2025\/08\/headerbild_2560x1200_0P9A4227_V2_KB-300x141.jpg 300w, https:\/\/connectingmemories.at\/wp-content\/uploads\/2025\/08\/headerbild_2560x1200_0P9A4227_V2_KB-1024x480.jpg 1024w, https:\/\/connectingmemories.at\/wp-content\/uploads\/2025\/08\/headerbild_2560x1200_0P9A4227_V2_KB-768x360.jpg 768w, https:\/\/connectingmemories.at\/wp-content\/uploads\/2025\/08\/headerbild_2560x1200_0P9A4227_V2_KB-1536x720.jpg 1536w, https:\/\/connectingmemories.at\/wp-content\/uploads\/2025\/08\/headerbild_2560x1200_0P9A4227_V2_KB-2048x960.jpg 2048w\" sizes=\"auto, (max-width: 2560px) 100vw, 2560px\" \/><span aria-hidden=\"true\" class=\"wp-block-cover__background has-background-dim-0 has-background-dim\" style=\"background-color:#aa9d94\"><\/span><div class=\"wp-block-cover__inner-container is-layout-constrained wp-block-cover-is-layout-constrained\">\n<p class=\"has-palette-color-8-color has-text-color has-link-color has-small-font-size wp-elements-bab3fa03bdc6411bbc086edaefe7afa5\">\u00a9 Karin B\u00f6hm<\/p>\n<\/div><\/div>\n\n\n\n<h2 class=\"wp-block-heading\"><strong>Gemeinsam Erinnerungen bewahren \u2013 Geschichte erforschen<\/strong><\/h2>\n\n\n\n<p style=\"font-size:clamp(14px, 0.875rem + ((1vw - 3.2px) * 0.313), 18px);\">In <strong>Nieder\u00f6sterreich <\/strong>mussten w\u00e4hrend des <strong>Zweiten Weltkriegs <\/strong>wie \u00fcberall in Deutschen Reich und den besetzten Gebieten viele tausende Menschen <strong>Zwangsarbeit <\/strong>leisten \u2013 Kriegsgefangene, ungarisch-j\u00fcdische Zwangsarbeiter:innen und andere zivile Personen. Noch immer ist vieles aus dieser Geschichte unbekannt und unzureichend dokumentiert. Viele Zeugnisse liegen jedoch bis heute in Privatbesitz, Erinnerungen werden in Familien weitergegeben \u2013 in Nieder\u00f6sterreich und weltweit in den Familien der ehemaligen Zwangsarbeiter:innen, Arbeitgeber:innen und Nachbarn. Unsere Plattform sammelt diese wertvollen Quellen, bewahrt sie und l\u00e4dt zur aktiven Mitarbeit ein.<\/p>\n\n\n\n<p style=\"font-size:clamp(14px, 0.875rem + ((1vw - 3.2px) * 0.313), 18px);\"><a name=\"participate_DE\"> <\/a>Zum Aufbau dieser Plattform starten wir mit zwei Themengebieten: <strong>der ungarisch-j\u00fcdischen Zwangsarbeit und dem Kriegsgefangenenlager Stalag XVII B Krems-Gneixendorf in Nieder\u00f6sterreich.<\/strong><br>Haben Sie Erinnerungen, Dokumente oder Fotos? Oder interessiert es Sie, an diesem Projekt mitzuarbeiten?<\/p>\n\n\n\n<h3 class=\"wp-block-heading anchor-target\" id=\"wir-suchen\">Wir suchen:<\/h3>\n\n\n\n<p style=\"font-size:clamp(14px, 0.875rem + ((1vw - 3.2px) * 0.313), 18px);\">\ud83d\udccc Interessierte, die uns beim Aufbau der Plattform unterst\u00fctzen und mitforschen<br>\ud83d\udccc Digitalisierte Fotos und Dokumente zur Geschichte der Zwangsarbeit in Nieder\u00f6sterreich<br>\ud83d\udccc Zeitzeug:innenberichte und Familienerinnerungen<br>\ud83d\udccc Menschen, die zur Geschichte der Zwangsarbeit in den Orten oder zu individuellen Schicksalen forschen m\u00f6chten oder als Kontaktpersonen zur Verf\u00fcgung stehen wollen<br>\ud83d\udccc Menschen, die in Kontakt kommen wollen \u2013 mit Menschen vor Ort oder mit Nachkommen von ehemaligen Zwangsarbeiter:innen<\/p>\n\n\n\n<p style=\"font-size:clamp(14px, 0.875rem + ((1vw - 3.2px) * 0.313), 18px);\">\ud83d\udc49 <a href=\"https:\/\/connectingmemories.at\/?page_id=719\" data-type=\"link\" data-id=\"https:\/\/connectingmemories.at\/?page_id=719\">Teilen Sie Ihre Materialien und Erinnerungen mit uns!<\/a><br>\ud83d\udc49 Forschen Sie mit und treten Sie mit anderen in Verbindung!<\/p>\n\n\n\n<h3 class=\"wp-block-heading\">M\u00f6chten Sie mitarbeiten oder sich zum Newsletter anmelden?<\/h3>\n\n\n\n<p style=\"font-size:clamp(14px, 0.875rem + ((1vw - 3.2px) * 0.313), 18px);\"><strong><strong>Kontaktieren Sie uns<\/strong><\/strong>: <br>Carl Philipp Hoffmann, <a href=\"mailto:connectingmemories@donau-uni.ac.at\">connectingmemories@donau-uni.ac.at<\/a> Tel: <a href=\"tel:+4327328932545\">+43 \/ 2732 \/ 893- 2545<\/a><br>Universit\u00e4t f\u00fcr Weiterbildung Krems, Department f\u00fcr Kunst- und Kulturwissenschaften, Dr.-Karl-Dorrek-Stra\u00dfe 30, 3500 Krems.<br><\/p>\n","protected":false},"excerpt":{"rendered":"<p>Gemeinsam Erinnerungen bewahren \u2013 Geschichte erforschen In Nieder\u00f6sterreich mussten w\u00e4hrend des Zweiten Weltkriegs wie \u00fcberall in Deutschen Reich und den besetzten Gebieten viele tausende Menschen Zwangsarbeit leisten \u2013 Kriegsgefangene, ungarisch-j\u00fcdische Zwangsarbeiter:innen und andere zivile Personen. Noch immer ist vieles aus dieser Geschichte unbekannt und unzureichend dokumentiert. Viele Zeugnisse liegen jedoch bis heute in Privatbesitz, Erinnerungen [&hellip;]<\/p>\n","protected":false},"author":2,"featured_media":0,"parent":0,"menu_order":0,"comment_status":"closed","ping_status":"closed","template":"","meta":{"footnotes":""},"class_list":["post-26","page","type-page","status-publish","hentry"],"blocksy_meta":[],"_links":{"self":[{"href":"https:\/\/connectingmemories.at\/index.php?rest_route=\/wp\/v2\/pages\/26","targetHints":{"allow":["GET"]}}],"collection":[{"href":"https:\/\/connectingmemories.at\/index.php?rest_route=\/wp\/v2\/pages"}],"about":[{"href":"https:\/\/connectingmemories.at\/index.php?rest_route=\/wp\/v2\/types\/page"}],"author":[{"embeddable":true,"href":"https:\/\/connectingmemories.at\/index.php?rest_route=\/wp\/v2\/users\/2"}],"replies":[{"embeddable":true,"href":"https:\/\/connectingmemories.at\/index.php?rest_route=%2Fwp%2Fv2%2Fcomments&post=26"}],"version-history":[{"count":79,"href":"https:\/\/connectingmemories.at\/index.php?rest_route=\/wp\/v2\/pages\/26\/revisions"}],"predecessor-version":[{"id":1323,"href":"https:\/\/connectingmemories.at\/index.php?rest_route=\/wp\/v2\/pages\/26\/revisions\/1323"}],"wp:attachment":[{"href":"https:\/\/connectingmemories.at\/index.php?rest_route=%2Fwp%2Fv2%2Fmedia&parent=26"}],"curies":[{"name":"wp","href":"https:\/\/api.w.org\/{rel}","templated":true}]}}