{"id":315,"date":"2025-09-26T14:27:03","date_gmt":"2025-09-26T12:27:03","guid":{"rendered":"https:\/\/connectingmemories.at\/?page_id=315"},"modified":"2025-11-13T19:08:07","modified_gmt":"2025-11-13T17:08:07","slug":"6-3-about-fr","status":"publish","type":"page","link":"https:\/\/connectingmemories.at\/?page_id=315&lang=fr","title":{"rendered":"6.3 About FR"},"content":{"rendered":"\n<h3 class=\"wp-block-heading\"><strong><strong>Projet de recherche :<\/strong> <strong>\u00ab Rechercher \u2013 Pr\u00e9server \u2013 Partager. Cr\u00e9ation d\u2019une communaut\u00e9 num\u00e9rique de m\u00e9moire et d\u2019archives transnationales sur le travail forc\u00e9 nazi en Basse-Autriche \u00bb<\/strong><\/strong><\/h3>\n\n\n\n<p style=\"font-size:clamp(14px, 0.875rem + ((1vw - 3.2px) * 0.313), 18px);\">Pendant la<strong> Seconde Guerre mondiale,<\/strong> des civils \u00e9trangers et des prisonniers de guerre furent contraints de travailler dans presque toutes les villes et tous les villages du Reich allemand. Bien que le <strong>travail forc\u00e9<\/strong> sous le r\u00e9gime nazi fasse l\u2019objet de recherches depuis de nombreuses ann\u00e9es, d\u2019importantes lacunes subsistent \u2013 notamment en ce qui concerne ses formes r\u00e9gionales, les relations sociales entre les travailleurs forc\u00e9s et la population locale, ainsi que les destins individuels. Cela vaut \u00e9galement pour la <strong>Basse-Autriche<\/strong>, o\u00f9 l\u2019histoire du travail forc\u00e9 nazi, malgr\u00e9 des \u00e9tudes fondamentales importantes, reste encore insuffisamment \u00e9tudi\u00e9e et document\u00e9e.<\/p>\n\n\n\n<p style=\"font-size:clamp(14px, 0.875rem + ((1vw - 3.2px) * 0.313), 18px);\">Les descendant\u00b7e\u00b7s d\u2019anciens travailleurs forc\u00e9s, tout comme les habitant\u00b7e\u00b7s des lieux o\u00f9 ce travail eut lieu, conservent encore des documents priv\u00e9s, des photographies et d\u2019autres objets de m\u00e9moire. Ces mat\u00e9riaux offrent un aper\u00e7u pr\u00e9cieux des conditions de vie et de travail des travailleurs forc\u00e9s pendant la p\u00e9riode nazie. Dans de nombreuses familles, des souvenirs et r\u00e9cits continuent \u00e9galement d\u2019\u00eatre transmis de g\u00e9n\u00e9ration en g\u00e9n\u00e9ration.<\/p>\n\n\n\n<p style=\"font-size:clamp(14px, 0.875rem + ((1vw - 3.2px) * 0.313), 18px);\">La plateforme num\u00e9rique <strong>\u00ab Connecting Memories \u00bb<\/strong> a pour objectif de rassembler, de pr\u00e9server et de rendre accessibles des mat\u00e9riaux priv\u00e9s num\u00e9ris\u00e9s relatifs au travail forc\u00e9 nazi. Elle vise \u00e0 encourager les \u00e9changes entre descendant\u00b7e\u00b7s, initiatives locales, chercheur\u00b7euse\u00b7s et expert\u00b7e\u00b7s, et \u00e0 favoriser une collecte et une recherche collaboratives.<\/p>\n\n\n\n<p style=\"font-size:clamp(14px, 0.875rem + ((1vw - 3.2px) * 0.313), 18px);\">En collaboration avec des <strong>citizen scientists<\/strong> et <strong>descendant scientists<\/strong> int\u00e9ress\u00e9\u00b7e\u00b7s, le projet exp\u00e9rimente des outils num\u00e9riques destin\u00e9s \u00e0 l\u2019archivage, \u00e0 la production de connaissances et \u00e0 la recherche. Il explore ainsi de nouvelles formes d\u2019enqu\u00eate, de coop\u00e9ration, d\u2019interconnexion des donn\u00e9es et de communication. Les \u00e9tudes de cas portent sur le <strong>travail forc\u00e9 jud\u00e9o-hongrois en Basse-Autriche<\/strong> ainsi que sur le <strong>camp de prisonniers de guerre Stalag XVII B \u00e0 Krems-Gneixendorf<\/strong>.<\/p>\n\n\n\n<p style=\"font-size:clamp(14px, 0.875rem + ((1vw - 3.2px) * 0.313), 18px);\">La participation de descendant\u00b7e\u00b7s et d\u2019autres personnes int\u00e9ress\u00e9es au th\u00e8me du travail forc\u00e9 <strong>requiert une approche particuli\u00e8rement r\u00e9flexive<\/strong>, car elle touche \u00e0 un pass\u00e9 marqu\u00e9 par la violence et \u00e0 <strong>diff\u00e9rentes communaut\u00e9s de m\u00e9moire<\/strong>. Le projet examine donc \u00e9galement quelles formes de participation et d\u2019engagement, dans le traitement de ce pass\u00e9 complexe, peuvent favoriser <strong>un travail de m\u00e9moire et de recherche dialogique<\/strong>.<\/p>\n\n\n\n<div style=\"height:60px\" aria-hidden=\"true\" class=\"wp-block-spacer\"><\/div>\n\n\n\n<p style=\"font-size:clamp(14px, 0.875rem + ((1vw - 3.2px) * 0.313), 18px);\"><strong>P\u00e9riode:<\/strong> 2025-2027<br><strong>Organisme de financement:<\/strong> GFF Basse-Autriche (Citizen Science) <strong>ID du projet:<\/strong> <a href=\"https:\/\/www.gff-noe.at\/forschungsfoerderung\/details\/FTI24-C-020\/index.php?lang=EN\">FTI24-C-020<\/a><br><strong>Partenaire principal:<\/strong><br>Universit\u00e9 de formation continue de Krems, D\u00e9partement des sciences de l\u2019art et de la culture<br>Conduite: Edith Blaschitz, Eva Mayr<br>Collaborateurs du projet: Carl Philipp Hoffmann, Karin B\u00f6hm<br><strong>Partenaire de recherche:<\/strong><br>Institut d&#8217;histoire juive d&#8217;Autriche (conduite: Martha Keil): Merle Bieber<br>Institut viennois d&#8217;\u00e9tudes sur l&#8217;Holocauste (conduite: \u00c9va Kovacs): Kinga Frojimovics<br><strong>Archives coop\u00e9rantes:<\/strong><br>Archives municipales de Krems<br>Archives municipales de St. P\u00f6lten<\/p>\n\n\n\n<p style=\"font-size:clamp(14px, 0.875rem + ((1vw - 3.2px) * 0.313), 18px);\"><strong>Comit\u00e9 consultatif scientifique:<\/strong><br>Thomas Cauvin (Centre for Digital History at the University of Luxembourg)<br>Stefan Eminger (Nieder\u00f6sterreichisches Landesarchiv)<br>Dirk Luyten ( Study- and Documentation Centre for War and Contemporary Society of the Belgian State Archives)<br>Barbara Stelzl-Marx (Ludwig Boltzmann Institut f\u00fcr Kriegsfolgenforschung)<br>Olga Ungar (The World Holocaust Remembrance Center Yad Vashem).<\/p>\n\n\n\n<h3 class=\"wp-block-heading\">\u00c9quipe de projet<\/h3>\n\n\n\n<h4 class=\"wp-block-heading\">Universit\u00e9 de formation continue de Krems<\/h4>\n\n\n<style>.kadence-column315_723c68-22 > .kt-inside-inner-col,.kadence-column315_723c68-22 > .kt-inside-inner-col:before{border-top-left-radius:0px;border-top-right-radius:0px;border-bottom-right-radius:0px;border-bottom-left-radius:0px;}.kadence-column315_723c68-22 > .kt-inside-inner-col{column-gap:var(--global-kb-gap-sm, 1rem);}.kadence-column315_723c68-22 > .kt-inside-inner-col{flex-direction:column;}.kadence-column315_723c68-22 > .kt-inside-inner-col > .aligncenter{width:100%;}.kadence-column315_723c68-22 > .kt-inside-inner-col:before{opacity:0.3;}.kadence-column315_723c68-22{position:relative;}@media all and (max-width: 1024px){.kadence-column315_723c68-22 > .kt-inside-inner-col{flex-direction:column;justify-content:center;}}@media all and (max-width: 767px){.kadence-column315_723c68-22 > .kt-inside-inner-col{flex-direction:column;justify-content:center;}}<\/style>\n<div class=\"wp-block-kadence-column kadence-column315_723c68-22 ueber-uns\"><div class=\"kt-inside-inner-col\">\n<figure class=\"wp-block-gallery has-nested-images columns-4 is-cropped wp-block-gallery-1 is-layout-flex wp-block-gallery-is-layout-flex\">\n<figure class=\"wp-block-image size-thumbnail\"><a href=\"https:\/\/www.donau-uni.ac.at\/de\/universitaet\/organisation\/mitarbeiterinnen\/person\/4294993159\"><img loading=\"lazy\" decoding=\"async\" width=\"124\" height=\"150\" data-id=\"349\" src=\"https:\/\/connectingmemories.at\/wp-content\/uploads\/2025\/09\/EB-124x150.jpg\" alt=\"\" class=\"wp-image-349\"\/><\/a><\/figure>\n\n\n\n<figure class=\"wp-block-image size-thumbnail\"><a href=\"https:\/\/www.donau-uni.ac.at\/de\/universitaet\/organisation\/mitarbeiterinnen\/person\/4294993482\"><img loading=\"lazy\" decoding=\"async\" width=\"124\" height=\"150\" data-id=\"348\" src=\"https:\/\/connectingmemories.at\/wp-content\/uploads\/2025\/09\/EM-124x150.png\" alt=\"\" class=\"wp-image-348\"\/><\/a><\/figure>\n\n\n\n<figure class=\"wp-block-image size-thumbnail\"><a href=\"https:\/\/www.donau-uni.ac.at\/de\/universitaet\/organisation\/mitarbeiterinnen\/person\/4295324449\"><img loading=\"lazy\" decoding=\"async\" width=\"123\" height=\"150\" data-id=\"350\" src=\"https:\/\/connectingmemories.at\/wp-content\/uploads\/2025\/09\/PH-123x150.jpg\" alt=\"\" class=\"wp-image-350\"\/><\/a><\/figure>\n\n\n\n<figure class=\"wp-block-image size-large\"><a href=\"https:\/\/www.karinboehm.at\/about\"><img loading=\"lazy\" decoding=\"async\" width=\"91\" height=\"124\" data-id=\"351\" src=\"https:\/\/connectingmemories.at\/wp-content\/uploads\/2025\/09\/KB.jpg\" alt=\"\" class=\"wp-image-351\"\/><\/a><\/figure>\n<\/figure>\n\n\n\n<div style=\"height:27px\" aria-hidden=\"true\" class=\"wp-block-spacer\"><\/div>\n\n\n\n<div class=\"wp-block-columns is-layout-flex wp-container-core-columns-is-layout-28f84493 wp-block-columns-is-layout-flex\">\n<div class=\"wp-block-column is-layout-flow wp-block-column-is-layout-flow\">\n<h4 class=\"wp-block-heading\">Institut d&#8217;histoire juive d&#8217;Autriche<\/h4>\n\n\n\n<figure class=\"wp-block-gallery has-nested-images columns-default is-cropped wp-block-gallery-2 is-layout-flex wp-block-gallery-is-layout-flex\">\n<figure class=\"wp-block-image size-thumbnail\"><a href=\"http:\/\/www.injoest.ac.at\/de\/institut\/mitarbeiterinnen\/martha-keil\"><img loading=\"lazy\" decoding=\"async\" width=\"124\" height=\"150\" data-id=\"353\" src=\"https:\/\/connectingmemories.at\/wp-content\/uploads\/2025\/09\/MK-124x150.jpg\" alt=\"\" class=\"wp-image-353\"\/><\/a><\/figure>\n\n\n\n<figure class=\"wp-block-image size-thumbnail\"><a href=\"http:\/\/www.injoest.ac.at\/de\/institut\/mitarbeiterinnen\/merle-bieber\"><img loading=\"lazy\" decoding=\"async\" width=\"124\" height=\"150\" data-id=\"352\" src=\"https:\/\/connectingmemories.at\/wp-content\/uploads\/2025\/09\/MB-124x150.png\" alt=\"\" class=\"wp-image-352\"\/><\/a><\/figure>\n<\/figure>\n<\/div>\n\n\n\n<div class=\"wp-block-column is-layout-flow wp-block-column-is-layout-flow\">\n<h4 class=\"wp-block-heading\">Institut Wiesenthal de Vienne pour les \u00e9tudes sur l&#8217;Holocauste<\/h4>\n\n\n\n<figure class=\"wp-block-gallery has-nested-images columns-default is-cropped wp-block-gallery-3 is-layout-flex wp-block-gallery-is-layout-flex\">\n<figure class=\"wp-block-image size-large\"><img loading=\"lazy\" decoding=\"async\" width=\"124\" height=\"165\" data-id=\"354\" src=\"https:\/\/connectingmemories.at\/wp-content\/uploads\/2025\/09\/KF.png\" alt=\"\" class=\"wp-image-354\"\/><\/figure>\n\n\n\n<figure class=\"wp-block-image size-large\"><img loading=\"lazy\" decoding=\"async\" width=\"93\" height=\"124\" data-id=\"355\" src=\"https:\/\/connectingmemories.at\/wp-content\/uploads\/2025\/09\/EK.jpg\" alt=\"\" class=\"wp-image-355\"\/><\/figure>\n<\/figure>\n<\/div>\n<\/div>\n<\/div><\/div>\n\n\n\n<div style=\"height:53px\" aria-hidden=\"true\" class=\"wp-block-spacer\"><\/div>\n\n\n\n<p><\/p>\n","protected":false},"excerpt":{"rendered":"<p>Projet de recherche : \u00ab Rechercher \u2013 Pr\u00e9server \u2013 Partager. Cr\u00e9ation d\u2019une communaut\u00e9 num\u00e9rique de m\u00e9moire et d\u2019archives transnationales sur le travail forc\u00e9 nazi en Basse-Autriche \u00bb Pendant la Seconde Guerre mondiale, des civils \u00e9trangers et des prisonniers de guerre furent contraints de travailler dans presque toutes les villes et tous les villages du Reich [&hellip;]<\/p>\n","protected":false},"author":2,"featured_media":0,"parent":0,"menu_order":0,"comment_status":"closed","ping_status":"closed","template":"","meta":{"footnotes":""},"class_list":["post-315","page","type-page","status-publish","hentry"],"blocksy_meta":[],"_links":{"self":[{"href":"https:\/\/connectingmemories.at\/index.php?rest_route=\/wp\/v2\/pages\/315","targetHints":{"allow":["GET"]}}],"collection":[{"href":"https:\/\/connectingmemories.at\/index.php?rest_route=\/wp\/v2\/pages"}],"about":[{"href":"https:\/\/connectingmemories.at\/index.php?rest_route=\/wp\/v2\/types\/page"}],"author":[{"embeddable":true,"href":"https:\/\/connectingmemories.at\/index.php?rest_route=\/wp\/v2\/users\/2"}],"replies":[{"embeddable":true,"href":"https:\/\/connectingmemories.at\/index.php?rest_route=%2Fwp%2Fv2%2Fcomments&post=315"}],"version-history":[{"count":9,"href":"https:\/\/connectingmemories.at\/index.php?rest_route=\/wp\/v2\/pages\/315\/revisions"}],"predecessor-version":[{"id":1051,"href":"https:\/\/connectingmemories.at\/index.php?rest_route=\/wp\/v2\/pages\/315\/revisions\/1051"}],"wp:attachment":[{"href":"https:\/\/connectingmemories.at\/index.php?rest_route=%2Fwp%2Fv2%2Fmedia&parent=315"}],"curies":[{"name":"wp","href":"https:\/\/api.w.org\/{rel}","templated":true}]}}