{"id":34,"date":"2025-08-18T15:12:21","date_gmt":"2025-08-18T13:12:21","guid":{"rendered":"https:\/\/connectingmemories.at\/?page_id=34"},"modified":"2025-11-13T16:02:51","modified_gmt":"2025-11-13T14:02:51","slug":"kontakt","status":"publish","type":"page","link":"https:\/\/connectingmemories.at\/?page_id=34","title":{"rendered":"6.0 About DE"},"content":{"rendered":"\n<h3 class=\"wp-block-heading\"><strong><strong>Forschungsprojekt: \u201eErforschen \u2013 Bewahren \u2013 Teilen. Eine transnationale Community-Plattform zur Geschichte der NS-Zwangsarbeit in Nieder\u00f6sterreich\u201c<\/strong><\/strong><\/h3>\n\n\n\n<p style=\"font-size:clamp(14px, 0.875rem + ((1vw - 3.2px) * 0.313), 18px);\">W\u00e4hrend des <strong>Zweiten Weltkrieges <\/strong>wurden in fast allen St\u00e4dten und D\u00f6rfern des Deutschen Reiches ausl\u00e4ndische Zivilpersonen und Kriegsgefangene zur <strong>Zwangsarbeit<\/strong> eingesetzt. Obwohl die NS-Zwangsarbeit seit vielen Jahren erforscht wird, sind zahlreiche Aspekte \u2013 etwa ihre regionalen Auspr\u00e4gungen, die sozialen Beziehungen zur heimischen Zivilbev\u00f6lkerung oder individuelle Schicksale \u2013 noch wenig bekannt. Dies gilt auch f\u00fcr <strong>Nieder\u00f6sterreich<\/strong>, wo die <strong>Geschichte der NS-Zwangsarbeit<\/strong> trotz wichtiger Grundlagenarbeiten bis heute nicht ausreichend erforscht und dokumentiert ist.<\/p>\n\n\n\n<p style=\"font-size:clamp(14px, 0.875rem + ((1vw - 3.2px) * 0.313), 18px);\">Sowohl <strong>Nachkommen<\/strong> ehemaliger Zwangsarbeiter:innen als auch Bewohner:innen jener Orte, an denen Zwangsarbeit stattfand, bewahren jedoch noch private Dokumente, Fotos und andere Erinnerungsobjekte auf. Diese Materialien bieten wertvolle Einblicke in die Lebens- und Arbeitsbedingungen von Zwangsarbeiter:innen w\u00e4hrend der NS-Zeit. Ebenso werden in vielen Familien bis heute Erinnerungen und Erz\u00e4hlungen weitergegeben.<\/p>\n\n\n\n<p style=\"font-size:clamp(14px, 0.875rem + ((1vw - 3.2px) * 0.313), 18px);\">Ziel der digitalen Plattform <strong>\u201eConnecting Memories\u201c<\/strong> ist es, digitalisierte Materialien aus privater Hand zu sammeln, zu bewahren und f\u00fcr die Forschung zug\u00e4nglich zu machen. Sie soll den Austausch zwischen Nachkommen, lokalen Initiativen, Wissenschaftler:innen und Expert:innen f\u00f6rdern und gemeinsame Sammlung sowie Forschung erm\u00f6glichen.<\/p>\n\n\n\n<p style=\"font-size:clamp(14px, 0.875rem + ((1vw - 3.2px) * 0.313), 18px);\">Gemeinsam mit interessierten <em>Citizen Scientists<\/em> und <em>Descendant Scientists<\/em> werden im Projekt digitale Werkzeuge zur Archivierung, Wissensgenerierung und Forschung erprobt. Dabei entstehen neue Formen der Recherche, Zusammenarbeit, Datenvernetzung und Kommunikation. Als Fallbeispiele dienen die <strong>ungarisch-j\u00fcdische Zwangsarbeit in Nieder\u00f6sterreich<\/strong> sowie das <strong>Kriegsgefangenenlager Stalag XVII B in Krems-Gneixendorf<\/strong>.<\/p>\n\n\n\n<p style=\"font-size:clamp(14px, 0.875rem + ((1vw - 3.2px) * 0.313), 18px);\">Die Beteiligung von Nachkommen und Interessierten am Thema Zwangsarbeit erfordert einen besonders <strong>reflexiven Zugang<\/strong>, da es sich um eine gewaltvolle Vergangenheit mit <strong>unterschiedlichen Erinnerungsgemeinschaften<\/strong> handelt. Das Projekt untersucht daher auch, welche Formen der Beteiligung und Auseinandersetzung im Umgang mit dieser komplexen Geschichte <strong>ein dialogisches Erinnern und Forschen f\u00f6rdern<\/strong> k\u00f6nnen.<\/p>\n\n\n\n<div style=\"height:46px\" aria-hidden=\"true\" class=\"wp-block-spacer\"><\/div>\n\n\n\n<p style=\"font-size:clamp(14px, 0.875rem + ((1vw - 3.2px) * 0.313), 18px);\"><strong>Laufzeit<\/strong>: 2025-2027<br><strong>F\u00f6rdergeber<\/strong>: GFF Nieder\u00f6sterreich (Citizen Science) <strong>Projekt-ID:<\/strong> <a href=\"https:\/\/www.gff-noe.at\/forschungsfoerderung\/details\/FTI24-C-020\/\" data-type=\"link\" data-id=\"https:\/\/www.gff-noe.at\/forschungsfoerderung\/details\/FTI24-C-020\/\">FTI24-C-020<\/a><br><strong>Lead Partner<\/strong>: <br>Universit\u00e4t f\u00fcr Weiterbildung Krems, Department f\u00fcr Kunst- &amp; Kulturwissenschaften<br>Leitung: Edith Blaschitz, Eva Mayr<br>Projektmitarbeiter:innen: Carl Philipp Hoffmann, Karin B\u00f6hm<br><strong>Forschungspartner<\/strong>: <br>Institut f\u00fcr J\u00fcdische Geschichte \u00d6sterreichs (Leitung: Martha Keil): Merle Bieber<br>Wiener Institut f\u00fcr Holocauststudien (Leitung: \u00c9va Kovacs): Kinga Frojimovics<br><strong>Kooperierende Archive<\/strong>: <br>Stadtarchiv Krems<br>Stadtarchiv St. P\u00f6lten<\/p>\n\n\n\n<p style=\"font-size:clamp(14px, 0.875rem + ((1vw - 3.2px) * 0.313), 18px);\"><strong>Scientific Advisory Board<\/strong>: <br>Thomas Cauvin (Centre for Digital History at the University of Luxembourg)<br>Stefan Eminger (Nieder\u00f6sterreichisches Landesarchiv)<br>Dirk Luyten (Study- and Documentation Centre for War and Contemporary Society of the Belgian State Archives)<br>Barbara Stelzl-Marx &nbsp;(Ludwig Boltzmann Institut&nbsp; f\u00fcr Kriegsfolgenforschung)<br>Olga Ungar (The World Holocaust Remembrance Center Yad Vashem). &nbsp;<\/p>\n\n\n\n<h3 class=\"wp-block-heading\">Projektteam<\/h3>\n\n\n\n<h4 class=\"wp-block-heading\">Universit\u00e4t f\u00fcr Weiterbildung Krems<\/h4>\n\n\n<style>.kadence-column34_5e8636-19 > .kt-inside-inner-col,.kadence-column34_5e8636-19 > .kt-inside-inner-col:before{border-top-left-radius:0px;border-top-right-radius:0px;border-bottom-right-radius:0px;border-bottom-left-radius:0px;}.kadence-column34_5e8636-19 > .kt-inside-inner-col{column-gap:var(--global-kb-gap-sm, 1rem);}.kadence-column34_5e8636-19 > .kt-inside-inner-col{flex-direction:column;}.kadence-column34_5e8636-19 > .kt-inside-inner-col > .aligncenter{width:100%;}.kadence-column34_5e8636-19 > .kt-inside-inner-col:before{opacity:0.3;}.kadence-column34_5e8636-19{position:relative;}@media all and (max-width: 1024px){.kadence-column34_5e8636-19 > .kt-inside-inner-col{flex-direction:column;justify-content:center;}}@media all and (max-width: 767px){.kadence-column34_5e8636-19 > .kt-inside-inner-col{flex-direction:column;justify-content:center;}}<\/style>\n<div class=\"wp-block-kadence-column kadence-column34_5e8636-19 ueber-uns\"><div class=\"kt-inside-inner-col\">\n<figure class=\"wp-block-gallery has-nested-images columns-4 is-cropped wp-block-gallery-1 is-layout-flex wp-block-gallery-is-layout-flex\">\n<figure class=\"wp-block-image size-thumbnail\"><a href=\"https:\/\/www.donau-uni.ac.at\/de\/universitaet\/organisation\/mitarbeiterinnen\/person\/4294993159\"><img loading=\"lazy\" decoding=\"async\" width=\"124\" height=\"150\" data-id=\"349\" src=\"https:\/\/connectingmemories.at\/wp-content\/uploads\/2025\/09\/EB-124x150.jpg\" alt=\"\" class=\"wp-image-349\"\/><\/a><\/figure>\n\n\n\n<figure class=\"wp-block-image size-thumbnail\"><a href=\"https:\/\/www.donau-uni.ac.at\/de\/universitaet\/organisation\/mitarbeiterinnen\/person\/4294993482\"><img loading=\"lazy\" decoding=\"async\" width=\"124\" height=\"150\" data-id=\"348\" src=\"https:\/\/connectingmemories.at\/wp-content\/uploads\/2025\/09\/EM-124x150.png\" alt=\"\" class=\"wp-image-348\"\/><\/a><\/figure>\n\n\n\n<figure class=\"wp-block-image size-thumbnail\"><a href=\"https:\/\/www.donau-uni.ac.at\/de\/universitaet\/organisation\/mitarbeiterinnen\/person\/4295324449\"><img loading=\"lazy\" decoding=\"async\" width=\"123\" height=\"150\" data-id=\"350\" src=\"https:\/\/connectingmemories.at\/wp-content\/uploads\/2025\/09\/PH-123x150.jpg\" alt=\"\" class=\"wp-image-350\"\/><\/a><\/figure>\n\n\n\n<figure class=\"wp-block-image size-large\"><a href=\"https:\/\/www.karinboehm.at\/about\"><img loading=\"lazy\" decoding=\"async\" width=\"91\" height=\"124\" data-id=\"351\" src=\"https:\/\/connectingmemories.at\/wp-content\/uploads\/2025\/09\/KB.jpg\" alt=\"\" class=\"wp-image-351\"\/><\/a><\/figure>\n<\/figure>\n\n\n\n<div style=\"height:27px\" aria-hidden=\"true\" class=\"wp-block-spacer\"><\/div>\n\n\n\n<div class=\"wp-block-columns is-layout-flex wp-container-core-columns-is-layout-28f84493 wp-block-columns-is-layout-flex\">\n<div class=\"wp-block-column is-layout-flow wp-block-column-is-layout-flow\">\n<h4 class=\"wp-block-heading\">Institut f\u00fcr J\u00fcdische Geschichte \u00d6sterreichs<\/h4>\n\n\n\n<figure class=\"wp-block-gallery has-nested-images columns-default is-cropped wp-block-gallery-2 is-layout-flex wp-block-gallery-is-layout-flex\">\n<figure class=\"wp-block-image size-thumbnail\"><a href=\"http:\/\/www.injoest.ac.at\/de\/institut\/mitarbeiterinnen\/martha-keil\"><img loading=\"lazy\" decoding=\"async\" width=\"124\" height=\"150\" data-id=\"353\" src=\"https:\/\/connectingmemories.at\/wp-content\/uploads\/2025\/09\/MK-124x150.jpg\" alt=\"\" class=\"wp-image-353\"\/><\/a><\/figure>\n\n\n\n<figure class=\"wp-block-image size-thumbnail\"><a href=\"http:\/\/www.injoest.ac.at\/de\/institut\/mitarbeiterinnen\/merle-bieber\"><img loading=\"lazy\" decoding=\"async\" width=\"124\" height=\"150\" data-id=\"352\" src=\"https:\/\/connectingmemories.at\/wp-content\/uploads\/2025\/09\/MB-124x150.png\" alt=\"\" class=\"wp-image-352\"\/><\/a><\/figure>\n<\/figure>\n<\/div>\n\n\n\n<div class=\"wp-block-column is-layout-flow wp-block-column-is-layout-flow\">\n<h4 class=\"wp-block-heading\">Wiener Wiesenthal-Institut f\u00fcr Holocaust-Studien<\/h4>\n\n\n\n<figure class=\"wp-block-gallery has-nested-images columns-default is-cropped wp-block-gallery-3 is-layout-flex wp-block-gallery-is-layout-flex\">\n<figure class=\"wp-block-image size-large\"><img loading=\"lazy\" decoding=\"async\" width=\"124\" height=\"165\" data-id=\"354\" src=\"https:\/\/connectingmemories.at\/wp-content\/uploads\/2025\/09\/KF.png\" alt=\"\" class=\"wp-image-354\"\/><\/figure>\n\n\n\n<figure class=\"wp-block-image size-large\"><img loading=\"lazy\" decoding=\"async\" width=\"93\" height=\"124\" data-id=\"355\" src=\"https:\/\/connectingmemories.at\/wp-content\/uploads\/2025\/09\/EK.jpg\" alt=\"\" class=\"wp-image-355\"\/><\/figure>\n<\/figure>\n<\/div>\n<\/div>\n<\/div><\/div>\n\n\n\n<div style=\"height:53px\" aria-hidden=\"true\" class=\"wp-block-spacer\"><\/div>\n\n\n\n<p><\/p>\n","protected":false},"excerpt":{"rendered":"<p>Forschungsprojekt: \u201eErforschen \u2013 Bewahren \u2013 Teilen. Eine transnationale Community-Plattform zur Geschichte der NS-Zwangsarbeit in Nieder\u00f6sterreich\u201c W\u00e4hrend des Zweiten Weltkrieges wurden in fast allen St\u00e4dten und D\u00f6rfern des Deutschen Reiches ausl\u00e4ndische Zivilpersonen und Kriegsgefangene zur Zwangsarbeit eingesetzt. Obwohl die NS-Zwangsarbeit seit vielen Jahren erforscht wird, sind zahlreiche Aspekte \u2013 etwa ihre regionalen Auspr\u00e4gungen, die sozialen Beziehungen [&hellip;]<\/p>\n","protected":false},"author":2,"featured_media":0,"parent":0,"menu_order":0,"comment_status":"closed","ping_status":"closed","template":"","meta":{"footnotes":""},"class_list":["post-34","page","type-page","status-publish","hentry"],"blocksy_meta":[],"_links":{"self":[{"href":"https:\/\/connectingmemories.at\/index.php?rest_route=\/wp\/v2\/pages\/34","targetHints":{"allow":["GET"]}}],"collection":[{"href":"https:\/\/connectingmemories.at\/index.php?rest_route=\/wp\/v2\/pages"}],"about":[{"href":"https:\/\/connectingmemories.at\/index.php?rest_route=\/wp\/v2\/types\/page"}],"author":[{"embeddable":true,"href":"https:\/\/connectingmemories.at\/index.php?rest_route=\/wp\/v2\/users\/2"}],"replies":[{"embeddable":true,"href":"https:\/\/connectingmemories.at\/index.php?rest_route=%2Fwp%2Fv2%2Fcomments&post=34"}],"version-history":[{"count":35,"href":"https:\/\/connectingmemories.at\/index.php?rest_route=\/wp\/v2\/pages\/34\/revisions"}],"predecessor-version":[{"id":1045,"href":"https:\/\/connectingmemories.at\/index.php?rest_route=\/wp\/v2\/pages\/34\/revisions\/1045"}],"wp:attachment":[{"href":"https:\/\/connectingmemories.at\/index.php?rest_route=%2Fwp%2Fv2%2Fmedia&parent=34"}],"curies":[{"name":"wp","href":"https:\/\/api.w.org\/{rel}","templated":true}]}}