{"id":719,"date":"2025-11-10T10:42:43","date_gmt":"2025-11-10T08:42:43","guid":{"rendered":"https:\/\/connectingmemories.at\/?page_id=719"},"modified":"2026-02-25T10:47:30","modified_gmt":"2026-02-25T08:47:30","slug":"5-0-erinnerungen-an-zwangsarbeit-in-noe","status":"publish","type":"page","link":"https:\/\/connectingmemories.at\/?page_id=719","title":{"rendered":"5.0 Erinnerungen an Zwangsarbeit in N\u00d6"},"content":{"rendered":"\n<h2 class=\"wp-block-heading\">Erinnerungen und Quellen zu Zwangsarbeit in Nieder\u00f6sterreich<br><\/h2>\n\n\n\n<p>Hier finden Sie ausgew\u00e4hlte Beispiele f\u00fcr Erinnerungen und Quellen zur Zwangsarbeit in Nieder\u00f6sterreich, zusammengestellt im Rahmen von \u201eConnecting Memories\u201c. Diese zeigen, was sich bis heute finden l\u00e4sst: in Familien weitergegebene Erinnerungen, gelegentlich noch Zeitzeug:innenberichte, aber auch Dokumente, Briefe, Listen, Objekte und andere Relikte &#8211; manchmal nur in Mauern eingeritzte Namen.<\/p>\n\n\n<div\r\n    class=\"alignnone  wp-block-icb-cards\"    id=\"icbCards-1\"\r\n    data-attributes='{&quot;align&quot;:&quot;none&quot;,&quot;clientId&quot;:&quot;6f74bfac-5ad5-44e1-a1b8-adb6161f2ad5&quot;,&quot;cards&quot;:[{&quot;background&quot;:{&quot;color&quot;:&quot;#fff&quot;},&quot;img&quot;:&quot;https:\\\/\\\/connectingmemories.at\\\/wp-content\\\/uploads\\\/2025\\\/11\\\/A.02_poster.png&quot;,&quot;title&quot;:&quot;Rohrendorf an der Pulkau&quot;,&quot;desc&quot;:&quot;Interview mit dem Zeitzeugen Erich Lustig zu j\\u00fcdischer Zwangarbeit in Rohrendorf an der Pulkau.&lt;br&gt;&quot;,&quot;btnLabal&quot;:&quot;Details&quot;,&quot;btnUrl&quot;:&quot;https:\\\/\\\/connectingmemories.at\\\/?page_id=839&quot;,&quot;isBtn&quot;:true,&quot;cardUrl&quot;:&quot;&quot;},{&quot;background&quot;:{&quot;color&quot;:&quot;#fff&quot;},&quot;img&quot;:&quot;https:\\\/\\\/connectingmemories.at\\\/wp-content\\\/uploads\\\/2025\\\/11\\\/Belgischer-Kriegsgefangener-1940-Stratzing_Sammlung-Kurt-De-Bruyne-Foto-Karin-Boehm-scaled.jpg&quot;,&quot;title&quot;:&quot;Stratzing&quot;,&quot;desc&quot;:&quot;Der belgische Kriegsgefangene Joannes Rogerius Tempels im Arbeitseinsatz am Hof der Familie Faltl in Stratzing.&quot;,&quot;btnLabal&quot;:&quot;Details&quot;,&quot;btnUrl&quot;:&quot;https:\\\/\\\/connectingmemories.at\\\/?page_id=721&quot;,&quot;isBtn&quot;:true,&quot;cardUrl&quot;:&quot;&quot;},{&quot;background&quot;:{&quot;color&quot;:&quot;#fff&quot;},&quot;img&quot;:&quot;https:\\\/\\\/connectingmemories.at\\\/wp-content\\\/uploads\\\/2025\\\/11\\\/Granitwerke-Roggendorf_c-Niederoesterreichisches-Landesarchiv.jpg&quot;,&quot;title&quot;:&quot;Roggendorf&quot;,&quot;desc&quot;:&quot;Erinnerungserz\\u00e4hlung von Ron Fulop \\u00fcber die Zwangsarbeit seiner Mutter Jolan Hammer im Steinbruch Granitwerke Roggendorf.&lt;br&gt;&quot;,&quot;btnLabal&quot;:&quot;Details&quot;,&quot;btnUrl&quot;:&quot;https:\\\/\\\/connectingmemories.at\\\/?page_id=857&quot;,&quot;isBtn&quot;:true,&quot;cardUrl&quot;:&quot;&quot;},{&quot;background&quot;:{&quot;color&quot;:&quot;#fff&quot;},&quot;img&quot;:&quot;https:\\\/\\\/connectingmemories.at\\\/wp-content\\\/uploads\\\/2025\\\/11\\\/Russische-Kriegsgefangene-Stalag-XVII-B-Sammlung-Hainzl-UWK.jpg&quot;,&quot;title&quot;:&quot;Stalag XVII B&quot;,&quot;desc&quot;:&quot;Franz Hainzl spricht \\u00fcber die Fotos aus dem Stalag XVII B, die ihm sein Vater, ein Wehrmachtssoldat, hinterlassen hat.&quot;,&quot;btnLabal&quot;:&quot;Details&quot;,&quot;btnUrl&quot;:&quot;https:\\\/\\\/connectingmemories.at\\\/?page_id=903&quot;,&quot;isBtn&quot;:true,&quot;cardUrl&quot;:&quot;&quot;},{&quot;background&quot;:{&quot;color&quot;:&quot;#fff&quot;},&quot;img&quot;:&quot;https:\\\/\\\/connectingmemories.at\\\/wp-content\\\/uploads\\\/2025\\\/11\\\/Spurensuche-Zwangslager-Krems-1-C-Karin-Boehm-scaled.jpg&quot;,&quot;title&quot;:&quot;Krems an der Donau&quot;,&quot;desc&quot;:&quot;Citizen Scientists auf der Suche nach Spuren der Zwangsarbeit in Krems an der Donau.&quot;,&quot;btnLabal&quot;:&quot;Details&quot;,&quot;btnUrl&quot;:&quot;https:\\\/\\\/connectingmemories.at\\\/?page_id=912&quot;,&quot;isBtn&quot;:true,&quot;cardUrl&quot;:&quot;&quot;},{&quot;background&quot;:{&quot;color&quot;:&quot;#fff&quot;},&quot;img&quot;:&quot;https:\\\/\\\/connectingmemories.at\\\/wp-content\\\/uploads\\\/2025\\\/11\\\/Geburtsbescheinigung-Mira-Grossberger-1944-Kattau-c-Mira-Knei-Paz.jpg&quot;,&quot;title&quot;:&quot;Kattau&quot;,&quot;desc&quot;:&quot;Geburtsurkunde von Mira Knei-Paz, die als Kind einer ungarisch-j\\u00fcdischen Zwangsarbeiterin 1944 in Kattau geboren wurde.&quot;,&quot;btnLabal&quot;:&quot;Details&quot;,&quot;btnUrl&quot;:&quot;https:\\\/\\\/connectingmemories.at\\\/?page_id=929&quot;,&quot;isBtn&quot;:true,&quot;cardUrl&quot;:&quot;&quot;},{&quot;background&quot;:{&quot;color&quot;:&quot;#fff&quot;},&quot;img&quot;:&quot;https:\\\/\\\/connectingmemories.at\\\/wp-content\\\/uploads\\\/2025\\\/11\\\/Tagebuch-Jozef-Luyssaert.jpeg&quot;,&quot;title&quot;:&quot;Grabensee&quot;,&quot;desc&quot;:&quot;Tagebuch von Jozef Luyssaert, der als belgischer Kriegsgefangener Zwangsarbeit in Grabensee leistete.&lt;br&gt;&quot;,&quot;btnLabal&quot;:&quot;Details&quot;,&quot;btnUrl&quot;:&quot;https:\\\/\\\/connectingmemories.at\\\/?page_id=941&quot;,&quot;isBtn&quot;:true,&quot;cardUrl&quot;:&quot;&quot;},{&quot;background&quot;:{&quot;color&quot;:&quot;#fff&quot;},&quot;img&quot;:&quot;https:\\\/\\\/connectingmemories.at\\\/wp-content\\\/uploads\\\/2025\\\/11\\\/STALAGIMI.png&quot;,&quot;title&quot;:&quot;Stalag XVII B&quot;,&quot;desc&quot;:&quot;Website von Giovanni Alfarano, Enkel eines Kriegsgefangenen im Stalag XVII B, zu italienischen Kriegsgefangenen.&quot;,&quot;btnLabal&quot;:&quot;Details&quot;,&quot;btnUrl&quot;:&quot;https:\\\/\\\/connectingmemories.at\\\/?page_id=939&quot;,&quot;isBtn&quot;:true,&quot;cardUrl&quot;:&quot;&quot;},{&quot;background&quot;:{&quot;color&quot;:&quot;#fff&quot;},&quot;img&quot;:&quot;https:\\\/\\\/connectingmemories.at\\\/wp-content\\\/uploads\\\/2025\\\/11\\\/Geoff-Ware-Krems-2024-c-Pat-Ware.png&quot;,&quot;title&quot;:&quot;Gneixendorf&quot;,&quot;desc&quot;:&quot;Geoff Ware, UK, dessen Vater als britischer Kriegsgefangener in Pottenbrunn Zwangsarbeit leistete, auf den Spuren seines Vaters.&quot;,&quot;btnLabal&quot;:&quot;Details&quot;,&quot;btnUrl&quot;:&quot;https:\\\/\\\/connectingmemories.at\\\/?page_id=943&quot;,&quot;isBtn&quot;:true,&quot;cardUrl&quot;:&quot;&quot;},{&quot;background&quot;:{&quot;color&quot;:&quot;#fff&quot;},&quot;img&quot;:&quot;https:\\\/\\\/connectingmemories.at\\\/wp-content\\\/uploads\\\/2025\\\/11\\\/MinartMemories.png&quot;,&quot;title&quot;:&quot;Stalag XVII B&quot;,&quot;desc&quot;:&quot;Odile Gavel Minart \\u00fcber ihren Vater Jean Minart, der Kriegsgefangener im Stalag XVII B Krems-Gneixendorf war.&lt;br&gt;&quot;,&quot;btnLabal&quot;:&quot;Details&quot;,&quot;btnUrl&quot;:&quot;https:\\\/\\\/connectingmemories.at\\\/?page_id=1040&quot;,&quot;isBtn&quot;:true,&quot;cardUrl&quot;:&quot;&quot;},{&quot;background&quot;:{&quot;color&quot;:&quot;#fff&quot;},&quot;img&quot;:&quot;https:\\\/\\\/connectingmemories.at\\\/wp-content\\\/uploads\\\/2025\\\/11\\\/Miriam-Feig-Yad-Vashem-Collection-1.jpg&quot;,&quot;title&quot;:&quot;Spitz an der Donau&quot;,&quot;desc&quot;:&quot;Miriam Feig erinnert sich an die Zeit der Zwangsarbeit in Spitz an der Donau im Jahr 1944.&quot;,&quot;btnLabal&quot;:&quot;Details&quot;,&quot;btnUrl&quot;:&quot;https:\\\/\\\/connectingmemories.at\\\/?page_id=1076&quot;,&quot;isBtn&quot;:true,&quot;cardUrl&quot;:&quot;&quot;},{&quot;background&quot;:{&quot;color&quot;:&quot;#fff&quot;},&quot;img&quot;:&quot;https:\\\/\\\/connectingmemories.at\\\/wp-content\\\/uploads\\\/2025\\\/11\\\/Zwangsarbeit-in-Fels-c-Gemeinde-Fels-am-Wagram.jpg&quot;,&quot;title&quot;:&quot;Fels am Wagram&quot;,&quot;desc&quot;:&quot;Die Gemeinde Fels am Wagram gedenkt der 72 ungarisch-j\\u00fcdischen Zwangsarbeiter:innen, die ab 1944 in Fels eingesetzt waren.&lt;br&gt;&quot;,&quot;btnLabal&quot;:&quot;Details&quot;,&quot;btnUrl&quot;:&quot;https:\\\/\\\/connectingmemories.at\\\/?page_id=1106&quot;,&quot;isBtn&quot;:true,&quot;cardUrl&quot;:&quot;&quot;}],&quot;theme&quot;:&quot;theme2&quot;,&quot;cardPadding&quot;:{&quot;top&quot;:&quot;15px&quot;,&quot;right&quot;:&quot;15px&quot;,&quot;bottom&quot;:&quot;15px&quot;,&quot;left&quot;:&quot;15px&quot;},&quot;btnAlign&quot;:&quot;center&quot;,&quot;btnColors&quot;:{&quot;color&quot;:&quot;#fff&quot;,&quot;bg&quot;:&quot;rgba(166, 93, 40, 1)&quot;},&quot;btnHovColors&quot;:{&quot;color&quot;:&quot;#fff&quot;,&quot;bg&quot;:&quot;rgba(81, 35, 0, 0.78)&quot;},&quot;className&quot;:&quot;&quot;,&quot;layout&quot;:&quot;vertical&quot;,&quot;columns&quot;:{&quot;desktop&quot;:3,&quot;tablet&quot;:2,&quot;mobile&quot;:1},&quot;columnGap&quot;:&quot;20px&quot;,&quot;rowGap&quot;:&quot;20px&quot;,&quot;isImg&quot;:true,&quot;isTab&quot;:false,&quot;imgHeight&quot;:&quot;200px&quot;,&quot;imgPos&quot;:&quot;first&quot;,&quot;background&quot;:{&quot;color&quot;:&quot;#0000&quot;},&quot;padding&quot;:{&quot;top&quot;:&quot;0px&quot;,&quot;right&quot;:&quot;0x&quot;,&quot;bottom&quot;:&quot;0px&quot;,&quot;left&quot;:&quot;0px&quot;},&quot;cardRadius&quot;:&quot;8px&quot;,&quot;cardShadow&quot;:[{&quot;hOffset&quot;:&quot;0px&quot;,&quot;vOffset&quot;:&quot;4px&quot;,&quot;blur&quot;:&quot;8px&quot;,&quot;spreed&quot;:&quot;0px&quot;,&quot;color&quot;:&quot;#0003&quot;}],&quot;contentAlign&quot;:&quot;left&quot;,&quot;contentPadding&quot;:{&quot;top&quot;:&quot;20px&quot;,&quot;right&quot;:&quot;15px&quot;,&quot;bottom&quot;:&quot;15px&quot;,&quot;left&quot;:&quot;15px&quot;},&quot;titleTypo&quot;:{&quot;fontSize&quot;:&quot;20&quot;},&quot;titleColor&quot;:&quot;#000&quot;,&quot;descTypo&quot;:{&quot;fontSize&quot;:&quot;16&quot;},&quot;descColor&quot;:&quot;#000&quot;,&quot;btnTypo&quot;:{&quot;fontSize&quot;:15,&quot;textDecoration&quot;:&quot;none&quot;},&quot;btnPadding&quot;:{&quot;top&quot;:&quot;10px&quot;,&quot;right&quot;:&quot;15px&quot;,&quot;bottom&quot;:&quot;10px&quot;,&quot;left&quot;:&quot;15px&quot;},&quot;btnRadius&quot;:&quot;8px&quot;,&quot;productsInfo&quot;:[{&quot;title&quot;:&quot;Alienware Gaming Laptop&quot;,&quot;description&quot;:&quot;Alienware Laptop is one of the best Gaming Laptops. Every gamer loves it.&quot;,&quot;variant&quot;:[&quot;i3&quot;,&quot;i5&quot;,&quot;i6&quot;,&quot;i9&quot;],&quot;image&quot;:&quot;https:\\\/\\\/templates.bplugins.com\\\/wp-content\\\/uploads\\\/2025\\\/05\\\/Alienware-Laptop.png&quot;,&quot;button&quot;:{&quot;text&quot;:&quot;Buy Now&quot;,&quot;link&quot;:&quot;&quot;}},{&quot;title&quot;:&quot;Alienware Gaming Laptop&quot;,&quot;description&quot;:&quot;Alienware Laptop is one of the best Gaming Laptops. Every gamer loves it.&quot;,&quot;variant&quot;:[&quot;i3&quot;,&quot;i5&quot;,&quot;i6&quot;,&quot;i9&quot;],&quot;image&quot;:&quot;https:\\\/\\\/templates.bplugins.com\\\/wp-content\\\/uploads\\\/2025\\\/05\\\/Alienware-Laptop.png&quot;,&quot;button&quot;:{&quot;text&quot;:&quot;Buy Now&quot;,&quot;link&quot;:&quot;&quot;}},{&quot;title&quot;:&quot;Alienware Gaming Laptop&quot;,&quot;description&quot;:&quot;Alienware Laptop is one of the best Gaming Laptops. Every gamer loves it.&quot;,&quot;variant&quot;:[&quot;i3&quot;,&quot;i5&quot;,&quot;i6&quot;,&quot;i9&quot;],&quot;image&quot;:&quot;https:\\\/\\\/templates.bplugins.com\\\/wp-content\\\/uploads\\\/2025\\\/05\\\/Alienware-Laptop.png&quot;,&quot;button&quot;:{&quot;text&quot;:&quot;Buy Now&quot;,&quot;link&quot;:&quot;&quot;}}],&quot;styles&quot;:{&quot;margin&quot;:&quot;20px&quot;},&quot;grabCardInfo&quot;:{&quot;image&quot;:&quot;https:\\\/\\\/templates.bplugins.com\\\/wp-content\\\/uploads\\\/2025\\\/06\\\/quest.webp&quot;,&quot;title&quot;:&quot;Grab A Device&quot;,&quot;description&quot;:&quot;Your journey into spatial starts now. Get Meta Horizon OS for yourself or power up your entire team.&quot;,&quot;button&quot;:{&quot;text&quot;:&quot;Purchase a Meta Quest&quot;,&quot;link&quot;:&quot;#&quot;}},&quot;alignment&quot;:&quot;center&quot;,&quot;options&quot;:{&quot;isOpenInNewTab&quot;:true,&quot;isVariantShow&quot;:true,&quot;isButtonShow&quot;:true,&quot;isVisibleCircle&quot;:true,&quot;isTagShow&quot;:true,&quot;isNewTabOpen&quot;:true,&quot;isHoverRotated&quot;:true}}'>\r\n<\/div>\n\n\n<p><\/p>\n","protected":false},"excerpt":{"rendered":"<p>Erinnerungen und Quellen zu Zwangsarbeit in Nieder\u00f6sterreich Hier finden Sie ausgew\u00e4hlte Beispiele f\u00fcr Erinnerungen und Quellen zur Zwangsarbeit in Nieder\u00f6sterreich, zusammengestellt im Rahmen von \u201eConnecting Memories\u201c. Diese zeigen, was sich bis heute finden l\u00e4sst: in Familien weitergegebene Erinnerungen, gelegentlich noch Zeitzeug:innenberichte, aber auch Dokumente, Briefe, Listen, Objekte und andere Relikte &#8211; manchmal nur in Mauern [&hellip;]<\/p>\n","protected":false},"author":4,"featured_media":0,"parent":0,"menu_order":0,"comment_status":"closed","ping_status":"closed","template":"","meta":{"footnotes":""},"class_list":["post-719","page","type-page","status-publish","hentry"],"blocksy_meta":[],"_links":{"self":[{"href":"https:\/\/connectingmemories.at\/index.php?rest_route=\/wp\/v2\/pages\/719","targetHints":{"allow":["GET"]}}],"collection":[{"href":"https:\/\/connectingmemories.at\/index.php?rest_route=\/wp\/v2\/pages"}],"about":[{"href":"https:\/\/connectingmemories.at\/index.php?rest_route=\/wp\/v2\/types\/page"}],"author":[{"embeddable":true,"href":"https:\/\/connectingmemories.at\/index.php?rest_route=\/wp\/v2\/users\/4"}],"replies":[{"embeddable":true,"href":"https:\/\/connectingmemories.at\/index.php?rest_route=%2Fwp%2Fv2%2Fcomments&post=719"}],"version-history":[{"count":44,"href":"https:\/\/connectingmemories.at\/index.php?rest_route=\/wp\/v2\/pages\/719\/revisions"}],"predecessor-version":[{"id":1443,"href":"https:\/\/connectingmemories.at\/index.php?rest_route=\/wp\/v2\/pages\/719\/revisions\/1443"}],"wp:attachment":[{"href":"https:\/\/connectingmemories.at\/index.php?rest_route=%2Fwp%2Fv2%2Fmedia&parent=719"}],"curies":[{"name":"wp","href":"https:\/\/api.w.org\/{rel}","templated":true}]}}