{"id":761,"date":"2025-11-10T17:45:18","date_gmt":"2025-11-10T15:45:18","guid":{"rendered":"https:\/\/connectingmemories.at\/?page_id=761"},"modified":"2025-11-24T16:25:18","modified_gmt":"2025-11-24T14:25:18","slug":"5-0-erinnerungen-fr","status":"publish","type":"page","link":"https:\/\/connectingmemories.at\/?page_id=761&lang=hu","title":{"rendered":"5.0 Erinnerungen HU"},"content":{"rendered":"\n<h2 class=\"wp-block-heading\">Eml\u00e9kek a k\u00e9nyszermunk\u00e1r\u00f3l Als\u00f3-Ausztri\u00e1ban<\/h2>\n\n\n\n<p>Az al\u00e1bbiakban a k\u00e9nyszermunka als\u00f3-ausztriai t\u00f6rt\u00e9net\u00e9hez kapcsol\u00f3d\u00f3 eml\u00e9kek \u00e9s forr\u00e1sok v\u00e1logatott p\u00e9ld\u00e1it mutatjuk be, amelyeket a \u201eConnecting Memories\u201d projekt keret\u00e9ben gy\u0171jt\u00f6tt\u00fcnk \u00f6ssze. Ezek azt szeml\u00e9ltetik, mi minden maradt fenn mind a mai napig: gener\u00e1ci\u00f3kon \u00e1t \u00f6r\u00f6kl\u0151d\u0151 csal\u00e1di eml\u00e9kek, olykor m\u00e9g szemtan\u00fai besz\u00e1mol\u00f3k, tov\u00e1bb\u00e1 dokumentumok, levelek, list\u00e1k, t\u00e1rgyak \u00e9s m\u00e1s nyomok &#8211; n\u00e9ha pedig csak egy falba karcolt n\u00e9v.<\/p>\n\n\n<div\r\n    class=\"alignnone  wp-block-icb-cards\"    id=\"icbCards-1\"\r\n    data-attributes='{&quot;align&quot;:&quot;none&quot;,&quot;clientId&quot;:&quot;fd21e767-fe77-4631-8f1a-b8af069a6cf4&quot;,&quot;cards&quot;:[{&quot;background&quot;:{&quot;color&quot;:&quot;#fff&quot;},&quot;img&quot;:&quot;https:\\\/\\\/connectingmemories.at\\\/wp-content\\\/uploads\\\/2025\\\/11\\\/A.02_poster.png&quot;,&quot;title&quot;:&quot;Rohrendorf an der Pulkau&quot;,&quot;desc&quot;:&quot;Interj\\u00fa Erich Lustiggel, a Rohrendorf an der Pulkau-i zsid\\u00f3 k\\u00e9nyszermunk\\u00e1r\\u00f3l sz\\u00f3l\\u00f3 szemtan\\u00faval.&lt;br&gt;&quot;,&quot;btnLabal&quot;:&quot;R\\u00e9szletek&quot;,&quot;btnUrl&quot;:&quot;https:\\\/\\\/connectingmemories.at\\\/?page_id=848&quot;,&quot;isBtn&quot;:true,&quot;cardUrl&quot;:&quot;&quot;},{&quot;background&quot;:{&quot;color&quot;:&quot;#fff&quot;},&quot;img&quot;:&quot;https:\\\/\\\/connectingmemories.at\\\/wp-content\\\/uploads\\\/2025\\\/11\\\/Belgischer-Kriegsgefangener-1940-Stratzing_Sammlung-Kurt-De-Bruyne-Foto-Karin-Boehm-scaled.jpg&quot;,&quot;title&quot;:&quot;Stratzing&quot;,&quot;desc&quot;:&quot;A belga hadifogoly Joannes Rogerius Tempels munk\\u00e1t v\\u00e9gez a Faltl csal\\u00e1d udvar\\u00e1n Stratzingban.&lt;br&gt;&quot;,&quot;btnLabal&quot;:&quot;R\\u00e9szletek&quot;,&quot;btnUrl&quot;:&quot;https:\\\/\\\/connectingmemories.at\\\/?page_id=831&quot;,&quot;isBtn&quot;:true,&quot;cardUrl&quot;:&quot;&quot;},{&quot;background&quot;:{&quot;color&quot;:&quot;#fff&quot;},&quot;img&quot;:&quot;https:\\\/\\\/connectingmemories.at\\\/wp-content\\\/uploads\\\/2025\\\/11\\\/Granitwerke-Roggendorf_c-Niederoesterreichisches-Landesarchiv-1024x698.jpg&quot;,&quot;title&quot;:&quot;Roggendorf&quot;,&quot;desc&quot;:&quot;Ron Fulop eml\\u00e9kezete \\u00e9desanyja, Jolan Hammer k\\u00e9nyszermunk\\u00e1j\\u00e1r\\u00f3l a Roggendorf gr\\u00e1nitb\\u00e1ny\\u00e1ban.&quot;,&quot;btnLabal&quot;:&quot;R\\u00e9szletek&quot;,&quot;btnUrl&quot;:&quot;https:\\\/\\\/connectingmemories.at\\\/?page_id=865&quot;,&quot;isBtn&quot;:true,&quot;cardUrl&quot;:&quot;&quot;},{&quot;background&quot;:{&quot;color&quot;:&quot;#fff&quot;},&quot;img&quot;:&quot;https:\\\/\\\/connectingmemories.at\\\/wp-content\\\/uploads\\\/2025\\\/11\\\/Russische-Kriegsgefangene-Stalag-XVII-B-Sammlung-Hainzl-UWK.jpg&quot;,&quot;title&quot;:&quot;Stalag XVII B&quot;,&quot;desc&quot;:&quot;Franz Hainzl besz\\u00e9l a Stalag XVII B-b\\u0151l sz\\u00e1rmaz\\u00f3 f\\u00e9nyk\\u00e9pekr\\u0151l, amelyeket apja, egy Wehrmacht-katona hagyott r\\u00e1.&quot;,&quot;btnLabal&quot;:&quot;R\\u00e9szletek&quot;,&quot;btnUrl&quot;:&quot;https:\\\/\\\/connectingmemories.at\\\/?page_id=910&quot;,&quot;isBtn&quot;:true,&quot;cardUrl&quot;:&quot;&quot;},{&quot;background&quot;:{&quot;color&quot;:&quot;#fff&quot;},&quot;img&quot;:&quot;https:\\\/\\\/connectingmemories.at\\\/wp-content\\\/uploads\\\/2025\\\/11\\\/Spurensuche-Zwangslager-Krems-1-C-Karin-Boehm-scaled.jpg&quot;,&quot;title&quot;:&quot;Krems an der Donau&quot;,&quot;desc&quot;:&quot;Nyomok keres\\u00e9se a k\\u00e9nyszermunkat\\u00e1borok ut\\u00e1n Krems v\\u00e1ros\\u00e1ban.&quot;,&quot;btnLabal&quot;:&quot;R\\u00e9szletek&quot;,&quot;btnUrl&quot;:&quot;https:\\\/\\\/connectingmemories.at\\\/?page_id=926&quot;,&quot;isBtn&quot;:true,&quot;cardUrl&quot;:&quot;&quot;},{&quot;background&quot;:{&quot;color&quot;:&quot;#fff&quot;},&quot;img&quot;:&quot;https:\\\/\\\/connectingmemories.at\\\/wp-content\\\/uploads\\\/2025\\\/11\\\/Geburtsbescheinigung-Mira-Grossberger-1944-Kattau-c-Mira-Knei-Paz.jpg&quot;,&quot;title&quot;:&quot;Kattau&quot;,&quot;desc&quot;:&quot;Mira Knei-Paz sz\\u00fclet\\u00e9si anyak\\u00f6nyvi kivonata, aki 1944-ben Kattau-ban sz\\u00fcletett egy magyar zsid\\u00f3 k\\u00e9nyszermunk\\u00e1s gyermekek\\u00e9nt.&lt;br&gt;&quot;,&quot;btnLabal&quot;:&quot;R\\u00e9szletek&quot;,&quot;btnUrl&quot;:&quot;https:\\\/\\\/connectingmemories.at\\\/?page_id=935&quot;,&quot;isBtn&quot;:true,&quot;cardUrl&quot;:&quot;&quot;},{&quot;background&quot;:{&quot;color&quot;:&quot;#fff&quot;},&quot;img&quot;:&quot;https:\\\/\\\/connectingmemories.at\\\/wp-content\\\/uploads\\\/2025\\\/11\\\/Tagebuch-Jozef-Luyssaert.jpeg&quot;,&quot;title&quot;:&quot;Grabensee&quot;,&quot;desc&quot;:&quot;Jozef Luyssaert napl\\u00f3ja, egy belga hadifogoly, akit 1940-ben Grabensee-be&lt;br&gt;&quot;,&quot;btnLabal&quot;:&quot;R\\u00e9szletek&quot;,&quot;btnUrl&quot;:&quot;https:\\\/\\\/connectingmemories.at\\\/?page_id=959&quot;,&quot;isBtn&quot;:true,&quot;cardUrl&quot;:&quot;&quot;},{&quot;background&quot;:{&quot;color&quot;:&quot;#fff&quot;},&quot;img&quot;:&quot;https:\\\/\\\/connectingmemories.at\\\/wp-content\\\/uploads\\\/2025\\\/11\\\/STALAGIMI.png&quot;,&quot;title&quot;:&quot;Stalag XVII B&quot;,&quot;desc&quot;:&quot;Giovanni Alfarano, a Stalag XVII B hadifogoly unok\\u00e1ja \\u00e1ltal k\\u00e9sz\\u00edtett weboldal az olasz hadifoglyokr\\u00f3l.&quot;,&quot;btnLabal&quot;:&quot;R\\u00e9szletek&quot;,&quot;btnUrl&quot;:&quot;https:\\\/\\\/connectingmemories.at\\\/?page_id=968&quot;,&quot;isBtn&quot;:true,&quot;cardUrl&quot;:&quot;&quot;},{&quot;background&quot;:{&quot;color&quot;:&quot;#fff&quot;},&quot;img&quot;:&quot;https:\\\/\\\/connectingmemories.at\\\/wp-content\\\/uploads\\\/2025\\\/11\\\/Geoff-Ware-Krems-2024-c-Pat-Ware.png&quot;,&quot;title&quot;:&quot;Pottenbrunn&quot;,&quot;desc&quot;:&quot;Geoff Ware, Egyes\\u00fclt Kir\\u00e1lys\\u00e1g, akinek apja brit hadifogolyk\\u00e9nt k\\u00e9nyszermunk\\u00e1t v\\u00e9gzett Pottenbrunnban, apja nyom\\u00e1ban.&quot;,&quot;btnLabal&quot;:&quot;R\\u00e9szletek&quot;,&quot;btnUrl&quot;:&quot;https:\\\/\\\/connectingmemories.at\\\/?page_id=977&quot;,&quot;isBtn&quot;:true,&quot;cardUrl&quot;:&quot;&quot;},{&quot;background&quot;:{&quot;color&quot;:&quot;#fff&quot;},&quot;img&quot;:&quot;https:\\\/\\\/connectingmemories.at\\\/wp-content\\\/uploads\\\/2025\\\/11\\\/MinartMemories.png&quot;,&quot;title&quot;:&quot;Stalag XVII B&quot;,&quot;desc&quot;:&quot;Odile Gavel Minart apj\\u00e1r\\u00f3l, Jean Minartr\\u00f3l, aki a Stalag XVII B Krems-Gneixendorf hadifogoly t\\u00e1borban volt fogva tartva.&lt;br&gt;&quot;,&quot;btnLabal&quot;:&quot;R\\u00e9szletek&quot;,&quot;btnUrl&quot;:&quot;https:\\\/\\\/connectingmemories.at\\\/?page_id=1057&quot;,&quot;isBtn&quot;:true,&quot;cardUrl&quot;:&quot;&quot;},{&quot;background&quot;:{&quot;color&quot;:&quot;#fff&quot;},&quot;img&quot;:&quot;https:\\\/\\\/connectingmemories.at\\\/wp-content\\\/uploads\\\/2025\\\/11\\\/Miriam-Feig-Yad-Vashem-Collection-1.jpg&quot;,&quot;title&quot;:&quot;Spitz an der Donau&quot;,&quot;desc&quot;:&quot;Miriam Feig eml\\u00e9kszik a 1944-es k\\u00e9nyszermunk\\u00e1ra Spitz an der Donau v\\u00e1ros\\u00e1ban.&quot;,&quot;btnLabal&quot;:&quot;R\\u00e9szletek&quot;,&quot;btnUrl&quot;:&quot;https:\\\/\\\/connectingmemories.at\\\/?page_id=1094&quot;,&quot;isBtn&quot;:true,&quot;cardUrl&quot;:&quot;&quot;},{&quot;background&quot;:{&quot;color&quot;:&quot;#fff&quot;},&quot;img&quot;:&quot;https:\\\/\\\/connectingmemories.at\\\/wp-content\\\/uploads\\\/2025\\\/11\\\/Zwangsarbeit-in-Fels-c-Gemeinde-Fels-am-Wagram.jpg&quot;,&quot;title&quot;:&quot;Fels am Wagram&quot;,&quot;desc&quot;:&quot;Fels am Wagram telep\\u00fcl\\u00e9s eml\\u00e9ket \\u00e1ll\\u00edt a magyar zsid\\u00f3 k\\u00e9nyszermunk\\u00e1soknak, akiket 1944-ben ide vez\\u00e9nyeltek.&quot;,&quot;btnLabal&quot;:&quot;R\\u00e9szletek&quot;,&quot;btnUrl&quot;:&quot;https:\\\/\\\/connectingmemories.at\\\/?page_id=1132&quot;,&quot;isBtn&quot;:true,&quot;cardUrl&quot;:&quot;&quot;}],&quot;theme&quot;:&quot;theme2&quot;,&quot;cardPadding&quot;:{&quot;top&quot;:&quot;15px&quot;,&quot;right&quot;:&quot;15px&quot;,&quot;bottom&quot;:&quot;15px&quot;,&quot;left&quot;:&quot;15px&quot;},&quot;btnAlign&quot;:&quot;center&quot;,&quot;btnColors&quot;:{&quot;color&quot;:&quot;#fff&quot;,&quot;bg&quot;:&quot;rgba(166, 93, 40, 1)&quot;},&quot;btnHovColors&quot;:{&quot;color&quot;:&quot;#fff&quot;,&quot;bg&quot;:&quot;rgba(81, 35, 0, 0.78)&quot;},&quot;className&quot;:&quot;&quot;,&quot;layout&quot;:&quot;vertical&quot;,&quot;columns&quot;:{&quot;desktop&quot;:3,&quot;tablet&quot;:2,&quot;mobile&quot;:1},&quot;columnGap&quot;:&quot;20px&quot;,&quot;rowGap&quot;:&quot;20px&quot;,&quot;isImg&quot;:true,&quot;isTab&quot;:false,&quot;imgHeight&quot;:&quot;200px&quot;,&quot;imgPos&quot;:&quot;first&quot;,&quot;background&quot;:{&quot;color&quot;:&quot;#0000&quot;},&quot;padding&quot;:{&quot;top&quot;:&quot;0px&quot;,&quot;right&quot;:&quot;0x&quot;,&quot;bottom&quot;:&quot;0px&quot;,&quot;left&quot;:&quot;0px&quot;},&quot;cardRadius&quot;:&quot;8px&quot;,&quot;cardShadow&quot;:[{&quot;hOffset&quot;:&quot;0px&quot;,&quot;vOffset&quot;:&quot;4px&quot;,&quot;blur&quot;:&quot;8px&quot;,&quot;spreed&quot;:&quot;0px&quot;,&quot;color&quot;:&quot;#0003&quot;}],&quot;contentAlign&quot;:&quot;left&quot;,&quot;contentPadding&quot;:{&quot;top&quot;:&quot;20px&quot;,&quot;right&quot;:&quot;15px&quot;,&quot;bottom&quot;:&quot;15px&quot;,&quot;left&quot;:&quot;15px&quot;},&quot;titleTypo&quot;:{&quot;fontSize&quot;:&quot;20&quot;},&quot;titleColor&quot;:&quot;#000&quot;,&quot;descTypo&quot;:{&quot;fontSize&quot;:&quot;16&quot;},&quot;descColor&quot;:&quot;#000&quot;,&quot;btnTypo&quot;:{&quot;fontSize&quot;:15,&quot;textDecoration&quot;:&quot;none&quot;},&quot;btnPadding&quot;:{&quot;top&quot;:&quot;10px&quot;,&quot;right&quot;:&quot;15px&quot;,&quot;bottom&quot;:&quot;10px&quot;,&quot;left&quot;:&quot;15px&quot;},&quot;btnRadius&quot;:&quot;8px&quot;,&quot;productsInfo&quot;:[{&quot;title&quot;:&quot;Alienware Gaming Laptop&quot;,&quot;description&quot;:&quot;Alienware Laptop is one of the best Gaming Laptops. Every gamer loves it.&quot;,&quot;variant&quot;:[&quot;i3&quot;,&quot;i5&quot;,&quot;i6&quot;,&quot;i9&quot;],&quot;image&quot;:&quot;https:\\\/\\\/templates.bplugins.com\\\/wp-content\\\/uploads\\\/2025\\\/05\\\/Alienware-Laptop.png&quot;,&quot;button&quot;:{&quot;text&quot;:&quot;Buy Now&quot;,&quot;link&quot;:&quot;&quot;}},{&quot;title&quot;:&quot;Alienware Gaming Laptop&quot;,&quot;description&quot;:&quot;Alienware Laptop is one of the best Gaming Laptops. Every gamer loves it.&quot;,&quot;variant&quot;:[&quot;i3&quot;,&quot;i5&quot;,&quot;i6&quot;,&quot;i9&quot;],&quot;image&quot;:&quot;https:\\\/\\\/templates.bplugins.com\\\/wp-content\\\/uploads\\\/2025\\\/05\\\/Alienware-Laptop.png&quot;,&quot;button&quot;:{&quot;text&quot;:&quot;Buy Now&quot;,&quot;link&quot;:&quot;&quot;}},{&quot;title&quot;:&quot;Alienware Gaming Laptop&quot;,&quot;description&quot;:&quot;Alienware Laptop is one of the best Gaming Laptops. Every gamer loves it.&quot;,&quot;variant&quot;:[&quot;i3&quot;,&quot;i5&quot;,&quot;i6&quot;,&quot;i9&quot;],&quot;image&quot;:&quot;https:\\\/\\\/templates.bplugins.com\\\/wp-content\\\/uploads\\\/2025\\\/05\\\/Alienware-Laptop.png&quot;,&quot;button&quot;:{&quot;text&quot;:&quot;Buy Now&quot;,&quot;link&quot;:&quot;&quot;}}],&quot;styles&quot;:{&quot;margin&quot;:&quot;20px&quot;},&quot;grabCardInfo&quot;:{&quot;image&quot;:&quot;https:\\\/\\\/templates.bplugins.com\\\/wp-content\\\/uploads\\\/2025\\\/06\\\/quest.webp&quot;,&quot;title&quot;:&quot;Grab A Device&quot;,&quot;description&quot;:&quot;Your journey into spatial starts now. Get Meta Horizon OS for yourself or power up your entire team.&quot;,&quot;button&quot;:{&quot;text&quot;:&quot;Purchase a Meta Quest&quot;,&quot;link&quot;:&quot;#&quot;}},&quot;alignment&quot;:&quot;center&quot;,&quot;options&quot;:{&quot;isOpenInNewTab&quot;:true,&quot;isVariantShow&quot;:true,&quot;isButtonShow&quot;:true,&quot;isVisibleCircle&quot;:true,&quot;isTagShow&quot;:true,&quot;isNewTabOpen&quot;:true,&quot;isHoverRotated&quot;:true}}'>\r\n<\/div>\n\n\n<p><\/p>\n","protected":false},"excerpt":{"rendered":"<p>Eml\u00e9kek a k\u00e9nyszermunk\u00e1r\u00f3l Als\u00f3-Ausztri\u00e1ban Az al\u00e1bbiakban a k\u00e9nyszermunka als\u00f3-ausztriai t\u00f6rt\u00e9net\u00e9hez kapcsol\u00f3d\u00f3 eml\u00e9kek \u00e9s forr\u00e1sok v\u00e1logatott p\u00e9ld\u00e1it mutatjuk be, amelyeket a \u201eConnecting Memories\u201d projekt keret\u00e9ben gy\u0171jt\u00f6tt\u00fcnk \u00f6ssze. Ezek azt szeml\u00e9ltetik, mi minden maradt fenn mind a mai napig: gener\u00e1ci\u00f3kon \u00e1t \u00f6r\u00f6kl\u0151d\u0151 csal\u00e1di eml\u00e9kek, olykor m\u00e9g szemtan\u00fai besz\u00e1mol\u00f3k, tov\u00e1bb\u00e1 dokumentumok, levelek, list\u00e1k, t\u00e1rgyak \u00e9s m\u00e1s nyomok &#8211; [&hellip;]<\/p>\n","protected":false},"author":4,"featured_media":0,"parent":0,"menu_order":0,"comment_status":"closed","ping_status":"closed","template":"","meta":{"footnotes":""},"class_list":["post-761","page","type-page","status-publish","hentry"],"blocksy_meta":[],"_links":{"self":[{"href":"https:\/\/connectingmemories.at\/index.php?rest_route=\/wp\/v2\/pages\/761","targetHints":{"allow":["GET"]}}],"collection":[{"href":"https:\/\/connectingmemories.at\/index.php?rest_route=\/wp\/v2\/pages"}],"about":[{"href":"https:\/\/connectingmemories.at\/index.php?rest_route=\/wp\/v2\/types\/page"}],"author":[{"embeddable":true,"href":"https:\/\/connectingmemories.at\/index.php?rest_route=\/wp\/v2\/users\/4"}],"replies":[{"embeddable":true,"href":"https:\/\/connectingmemories.at\/index.php?rest_route=%2Fwp%2Fv2%2Fcomments&post=761"}],"version-history":[{"count":22,"href":"https:\/\/connectingmemories.at\/index.php?rest_route=\/wp\/v2\/pages\/761\/revisions"}],"predecessor-version":[{"id":1346,"href":"https:\/\/connectingmemories.at\/index.php?rest_route=\/wp\/v2\/pages\/761\/revisions\/1346"}],"wp:attachment":[{"href":"https:\/\/connectingmemories.at\/index.php?rest_route=%2Fwp%2Fv2%2Fmedia&parent=761"}],"curies":[{"name":"wp","href":"https:\/\/api.w.org\/{rel}","templated":true}]}}